{"id":10960,"date":"2018-05-01T01:00:00","date_gmt":"2021-10-04T18:44:52","guid":{"rendered":"https:\/\/www.goelette.ca\/produit\/mon-cri-pour-toi\/"},"modified":"2023-02-03T14:12:35","modified_gmt":"2023-02-03T19:12:35","slug":"mon-cri-pour-toi","status":"publish","type":"product","link":"https:\/\/goelette.ca\/en\/tous-les-livres\/mon-cri-pour-toi\/","title":{"rendered":"Mon cri pour toi"},"content":{"rendered":"<p>Chaque semaine, Fran\u00e7oise donne b\u00e9n\u00e9volement des cours de piano \u00e0 des \u00e9l\u00e8ves hors du commun : des prisonniers d&#8217;un p\u00e9nitencier f\u00e9d\u00e9ral. Derri\u00e8re ces portes \u00e9tanches, dans un local encombr\u00e9 et sans fen\u00eatre, celle que l&#8217;on surnomme Madame Piano fait bien plus qu&#8217;enseigner les rudiments de l&#8217;instrument. Elle offre \u00e0 ces hommes bris\u00e9s une denr\u00e9e rare au sein de ce milieu difficile : une oreille compatissante pour les \u00e9couter.<\/p>\n<p>Car derri\u00e8re leur ext\u00e9rieur rude, les d\u00e9tenus t\u00e9moignent d&#8217;histoires \u00e9tonnantes d&#8217;humanit\u00e9. Parmi eux, Christian, condamn\u00e9 \u00e0 perp\u00e9tuit\u00e9 \u00e0 dix-huit ans, qui se lie d&#8217;amiti\u00e9 avec Fran\u00e7oise. Peu \u00e0 peu, il lui r\u00e9v\u00e8le des bribes de son histoire, marqu\u00e9e par le malheur et la malchance.<\/p>\n<p>Micheline Duff d\u00e9voile ici un pan de sa vie en nous livrant un r\u00e9cit authentique, inspir\u00e9 de ses propres ann\u00e9es d&#8217;enseignement b\u00e9n\u00e9vole dans le milieu carc\u00e9ral. Avec son \u00e9criture empreinte d&#8217;\u00e9motions, elle nous transporte alors dans un lieu surprenant, l\u00e0 o\u00f9 des hommes captifs n&#8217;ont parfois pas d&#8217;autres choix que d&#8217;\u00e9carter les barreaux de leur coeur pour se lib\u00e9rer du poids de leur pass\u00e9.<\/p>\n","protected":false},"excerpt":{"rendered":"<p>Chaque semaine, Fran\u00e7oise donne b\u00e9n\u00e9volement des cours de piano \u00e0 des \u00e9l\u00e8ves hors du commun : des prisonniers d&#8217;un p\u00e9nitencier f\u00e9d\u00e9ral. Derri\u00e8re ces portes \u00e9tanches, dans un local encombr\u00e9 et sans fen\u00eatre, celle que l&#8217;on surnomme Madame Piano fait bien plus qu&#8217;enseigner les rudiments de l&#8217;instrument. Elle offre \u00e0 ces hommes bris\u00e9s une denr\u00e9e rare [&hellip;]<\/p>\n","protected":false},"featured_media":10958,"template":"","meta":{"wds_primary_product_brand":0,"wds_primary_product_cat":0,"wds_primary_maison_dedition":0},"product_brand":[],"product_cat":[565,542],"product_tag":[],"maison_dedition":[541],"class_list":{"0":"post-10960","1":"product","2":"type-product","3":"status-publish","4":"has-post-thumbnail","6":"product_cat-drame","7":"product_cat-roman","8":"pa_auteur-micheline-duff","9":"maison_dedition-les-editions-coup-doeil","11":"first","12":"instock","13":"taxable","14":"shipping-taxable","15":"purchasable","16":"product-type-variable"},"bundled_by":[],"bundle_stock_status":"instock","bundle_stock_quantity":null,"bundle_virtual":false,"bundle_layout":"","bundle_add_to_cart_form_location":"","bundle_editable_in_cart":false,"bundle_sold_individually_context":"","bundle_item_grouping":"","bundle_min_size":"","bundle_max_size":"","bundle_price":[],"bundled_items":[],"bundle_sell_ids":[],"acf":[],"_links":{"self":[{"href":"https:\/\/goelette.ca\/en\/wp-json\/wp\/v2\/product\/10960","targetHints":{"allow":["GET"]}}],"collection":[{"href":"https:\/\/goelette.ca\/en\/wp-json\/wp\/v2\/product"}],"about":[{"href":"https:\/\/goelette.ca\/en\/wp-json\/wp\/v2\/types\/product"}],"wp:featuredmedia":[{"embeddable":true,"href":"https:\/\/goelette.ca\/en\/wp-json\/wp\/v2\/media\/10958"}],"wp:attachment":[{"href":"https:\/\/goelette.ca\/en\/wp-json\/wp\/v2\/media?parent=10960"}],"wp:term":[{"taxonomy":"product_brand","embeddable":true,"href":"https:\/\/goelette.ca\/en\/wp-json\/wp\/v2\/product_brand?post=10960"},{"taxonomy":"product_cat","embeddable":true,"href":"https:\/\/goelette.ca\/en\/wp-json\/wp\/v2\/product_cat?post=10960"},{"taxonomy":"product_tag","embeddable":true,"href":"https:\/\/goelette.ca\/en\/wp-json\/wp\/v2\/product_tag?post=10960"},{"taxonomy":"maison_dedition","embeddable":true,"href":"https:\/\/goelette.ca\/en\/wp-json\/wp\/v2\/maison_dedition?post=10960"}],"curies":[{"name":"wp","href":"https:\/\/api.w.org\/{rel}","templated":true}]}}