{"id":10957,"date":"2018-03-15T01:00:00","date_gmt":"2021-10-04T18:44:50","guid":{"rendered":"https:\/\/www.goelette.ca\/produit\/la-montagne-de-lours\/"},"modified":"2023-02-03T14:10:46","modified_gmt":"2023-02-03T19:10:46","slug":"la-montagne-de-lours","status":"publish","type":"product","link":"https:\/\/goelette.ca\/en\/tous-les-livres\/la-montagne-de-lours\/","title":{"rendered":"La montagne de l&#8217;ours"},"content":{"rendered":"<p>En 1966, le village de Tiberville, au sud des \u00c9tats-Unis, est en effervescence. Sur le quai de la gare, une sculpture d&#8217;ours en fer r\u00e9alis\u00e9e par un artiste inconnu transforme non seulement le paysage rural, mais \u00e9galement le destin des habitants. Parmi eux se trouve Ursula, qui na\u00eet le jour m\u00eame.<\/p>\n<p>Au m\u00eame moment, \u00e0 Brooklyn, la vie du jeune Quentin Riconni bascule alors que son p\u00e8re, le sculpteur de l&#8217;ours de fer, abandonne sa famille pour se consacrer \u00e0 son art. Unis par l&#8217;\u00e9nigmatique sculpture, Ursula et Quentin d\u00e9velopperont une relation qui, \u00e0 l&#8217;image de l&#8217;\u0153uvre, sera porteuse de bonheurs autant que de malheurs.<\/p>\n<p>Avec <em>La montagne de l&#8217;ours<\/em>, Deborah Smith transporte le lecteur dans une fresque enlevante, dans laquelle deux personnages aux destins oppos\u00e9s se rencontrent et se comprennent malgr\u00e9 tout.<\/p>\n","protected":false},"excerpt":{"rendered":"<p>En 1966, le village de Tiberville, au sud des \u00c9tats-Unis, est en effervescence. Sur le quai de la gare, une sculpture d&#8217;ours en fer r\u00e9alis\u00e9e par un artiste inconnu transforme non seulement le paysage rural, mais \u00e9galement le destin des habitants. Parmi eux se trouve Ursula, qui na\u00eet le jour m\u00eame. Au m\u00eame moment, \u00e0 [&hellip;]<\/p>\n","protected":false},"featured_media":10955,"template":"","meta":{"wds_primary_product_brand":0,"wds_primary_product_cat":0,"wds_primary_maison_dedition":0},"product_brand":[],"product_cat":[543,542],"product_tag":[],"maison_dedition":[541],"class_list":{"0":"post-10957","1":"product","2":"type-product","3":"status-publish","4":"has-post-thumbnail","6":"product_cat-historique","7":"product_cat-roman","8":"pa_auteur-deborah-smith","9":"maison_dedition-les-editions-coup-doeil","11":"first","12":"instock","13":"taxable","14":"shipping-taxable","15":"purchasable","16":"product-type-variable"},"bundled_by":[],"bundle_stock_status":"instock","bundle_stock_quantity":null,"bundle_virtual":false,"bundle_layout":"","bundle_add_to_cart_form_location":"","bundle_editable_in_cart":false,"bundle_sold_individually_context":"","bundle_item_grouping":"","bundle_min_size":"","bundle_max_size":"","bundle_price":[],"bundled_items":[],"bundle_sell_ids":[],"acf":[],"_links":{"self":[{"href":"https:\/\/goelette.ca\/en\/wp-json\/wp\/v2\/product\/10957","targetHints":{"allow":["GET"]}}],"collection":[{"href":"https:\/\/goelette.ca\/en\/wp-json\/wp\/v2\/product"}],"about":[{"href":"https:\/\/goelette.ca\/en\/wp-json\/wp\/v2\/types\/product"}],"wp:featuredmedia":[{"embeddable":true,"href":"https:\/\/goelette.ca\/en\/wp-json\/wp\/v2\/media\/10955"}],"wp:attachment":[{"href":"https:\/\/goelette.ca\/en\/wp-json\/wp\/v2\/media?parent=10957"}],"wp:term":[{"taxonomy":"product_brand","embeddable":true,"href":"https:\/\/goelette.ca\/en\/wp-json\/wp\/v2\/product_brand?post=10957"},{"taxonomy":"product_cat","embeddable":true,"href":"https:\/\/goelette.ca\/en\/wp-json\/wp\/v2\/product_cat?post=10957"},{"taxonomy":"product_tag","embeddable":true,"href":"https:\/\/goelette.ca\/en\/wp-json\/wp\/v2\/product_tag?post=10957"},{"taxonomy":"maison_dedition","embeddable":true,"href":"https:\/\/goelette.ca\/en\/wp-json\/wp\/v2\/maison_dedition?post=10957"}],"curies":[{"name":"wp","href":"https:\/\/api.w.org\/{rel}","templated":true}]}}