{"id":10945,"date":"2018-05-03T01:00:00","date_gmt":"2021-10-04T18:44:31","guid":{"rendered":"https:\/\/www.goelette.ca\/produit\/la-menopause-mieux-comprise-mieux-vecue\/"},"modified":"2024-06-18T15:08:16","modified_gmt":"2024-06-18T19:08:16","slug":"la-menopause-mieux-comprise-mieux-vecue","status":"publish","type":"product","link":"https:\/\/goelette.ca\/en\/tous-les-livres\/la-menopause-mieux-comprise-mieux-vecue\/","title":{"rendered":"La m\u00e9nopause mieux comprise, mieux v\u00e9cue"},"content":{"rendered":"<p>Plusieurs mythes restent attach\u00e9s \u00e0 la m\u00e9nopause, une \u00e9tape pourtant naturelle de la vie d&#8217;une femme. Cet ouvrage est con\u00e7u pour r\u00e9pondre \u00e0 vos questionnements, vos attentes et vos besoins face \u00e0 cette p\u00e9riode souvent per\u00e7ue comme un mal n\u00e9cessaire.<\/p>\n<p>La m\u00e9nopause mieux comprise, mieux v\u00e9cue vise \u00e0 d\u00e9mystifier et d\u00e9dramatiser la m\u00e9nopause \u00e0 partir des questions les plus souvent soulev\u00e9es sur le plan biologique, psychologique, m\u00e9dical et social. \u00c9crit par une femme qui vous ressemble, cet ouvrage vise \u00e0 vous donner toutes les strat\u00e9gies pour bien apprivoiser ce passage et en relever les d\u00e9fis.<\/p>\n<p>Comprenez mieux votre m\u00e9nopause pour mieux vivre !<\/p>\n","protected":false},"excerpt":{"rendered":"<p>Plusieurs mythes restent attach\u00e9s \u00e0 la m\u00e9nopause, une \u00e9tape pourtant naturelle de la vie d&#8217;une femme. Cet ouvrage est con\u00e7u pour r\u00e9pondre \u00e0 vos questionnements, vos attentes et vos besoins face \u00e0 cette p\u00e9riode souvent per\u00e7ue comme un mal n\u00e9cessaire. La m\u00e9nopause mieux comprise, mieux v\u00e9cue vise \u00e0 d\u00e9mystifier et d\u00e9dramatiser la m\u00e9nopause \u00e0 partir [&hellip;]<\/p>\n","protected":false},"featured_media":10943,"template":"","meta":{"wds_primary_product_brand":0,"wds_primary_product_cat":0,"wds_primary_maison_dedition":0},"product_brand":[],"product_cat":[586,557],"product_tag":[],"maison_dedition":[541],"class_list":{"0":"post-10945","1":"product","2":"type-product","3":"status-publish","4":"has-post-thumbnail","6":"product_cat-bien-etre-et-sante-pratique","7":"product_cat-pratique","8":"pa_auteur-lucette-proulx-sammut","9":"maison_dedition-les-editions-coup-doeil","11":"first","12":"instock","13":"taxable","14":"shipping-taxable","15":"purchasable","16":"product-type-variable"},"bundled_by":[],"bundle_stock_status":"instock","bundle_stock_quantity":null,"bundle_virtual":false,"bundle_layout":"","bundle_add_to_cart_form_location":"","bundle_editable_in_cart":false,"bundle_sold_individually_context":"","bundle_item_grouping":"","bundle_min_size":"","bundle_max_size":"","bundle_price":[],"bundled_items":[],"bundle_sell_ids":[],"acf":[],"_links":{"self":[{"href":"https:\/\/goelette.ca\/en\/wp-json\/wp\/v2\/product\/10945","targetHints":{"allow":["GET"]}}],"collection":[{"href":"https:\/\/goelette.ca\/en\/wp-json\/wp\/v2\/product"}],"about":[{"href":"https:\/\/goelette.ca\/en\/wp-json\/wp\/v2\/types\/product"}],"wp:featuredmedia":[{"embeddable":true,"href":"https:\/\/goelette.ca\/en\/wp-json\/wp\/v2\/media\/10943"}],"wp:attachment":[{"href":"https:\/\/goelette.ca\/en\/wp-json\/wp\/v2\/media?parent=10945"}],"wp:term":[{"taxonomy":"product_brand","embeddable":true,"href":"https:\/\/goelette.ca\/en\/wp-json\/wp\/v2\/product_brand?post=10945"},{"taxonomy":"product_cat","embeddable":true,"href":"https:\/\/goelette.ca\/en\/wp-json\/wp\/v2\/product_cat?post=10945"},{"taxonomy":"product_tag","embeddable":true,"href":"https:\/\/goelette.ca\/en\/wp-json\/wp\/v2\/product_tag?post=10945"},{"taxonomy":"maison_dedition","embeddable":true,"href":"https:\/\/goelette.ca\/en\/wp-json\/wp\/v2\/maison_dedition?post=10945"}],"curies":[{"name":"wp","href":"https:\/\/api.w.org\/{rel}","templated":true}]}}