{"id":10942,"date":"2018-05-04T01:00:00","date_gmt":"2021-10-04T18:44:28","guid":{"rendered":"https:\/\/www.goelette.ca\/produit\/les-secrets-de-lame-2\/"},"modified":"2022-02-18T16:15:06","modified_gmt":"2022-02-18T21:15:06","slug":"les-secrets-de-lame-2","status":"publish","type":"product","link":"https:\/\/goelette.ca\/en\/tous-les-livres\/les-secrets-de-lame-2\/","title":{"rendered":"Les secrets de l&#8217;\u00e2me"},"content":{"rendered":"<p>Tout comme la vie terrestre, la vie spirituelle ob\u00e9it \u00e0 certaines lois. En am\u00e9liorant votre connaissance de la loi de l&#8217;incarnation et de la d\u00e9sincarnation de l&#8217;\u00e2me, vous comprendrez mieux votre \u00e9volution personnelle et vous d\u00e9couvrirez le v\u00e9ritable sens de la vie et de la mort.<\/p>\n<p>Cet ouvrage vous permettra de lire vos vies ant\u00e9rieures ainsi que votre aura. Approfondissez votre connaissance de vous-m\u00eame et de votre \u00e9volution afin de tirer des le\u00e7ons du pass\u00e9 et de contr\u00f4ler votre avenir !<\/p>\n<p>Percez les secrets de votre \u00e2me !<\/p>\n","protected":false},"excerpt":{"rendered":"<p>Tout comme la vie terrestre, la vie spirituelle ob\u00e9it \u00e0 certaines lois. En am\u00e9liorant votre connaissance de la loi de l&#8217;incarnation et de la d\u00e9sincarnation de l&#8217;\u00e2me, vous comprendrez mieux votre \u00e9volution personnelle et vous d\u00e9couvrirez le v\u00e9ritable sens de la vie et de la mort. Cet ouvrage vous permettra de lire vos vies ant\u00e9rieures [&hellip;]<\/p>\n","protected":false},"featured_media":10940,"template":"","meta":{"wds_primary_product_brand":0,"wds_primary_product_cat":0,"wds_primary_maison_dedition":0},"product_brand":[],"product_cat":[581],"product_tag":[],"maison_dedition":[541],"class_list":{"0":"post-10942","1":"product","2":"type-product","3":"status-publish","4":"has-post-thumbnail","6":"product_cat-esoterisme","7":"maison_dedition-les-editions-coup-doeil","9":"first","10":"instock","11":"taxable","12":"shipping-taxable","13":"purchasable","14":"product-type-variable"},"bundled_by":[],"bundle_stock_status":"instock","bundle_stock_quantity":null,"bundle_virtual":false,"bundle_layout":"","bundle_add_to_cart_form_location":"","bundle_editable_in_cart":false,"bundle_sold_individually_context":"","bundle_item_grouping":"","bundle_min_size":"","bundle_max_size":"","bundle_price":[],"bundled_items":[],"bundle_sell_ids":[],"acf":[],"_links":{"self":[{"href":"https:\/\/goelette.ca\/en\/wp-json\/wp\/v2\/product\/10942","targetHints":{"allow":["GET"]}}],"collection":[{"href":"https:\/\/goelette.ca\/en\/wp-json\/wp\/v2\/product"}],"about":[{"href":"https:\/\/goelette.ca\/en\/wp-json\/wp\/v2\/types\/product"}],"wp:featuredmedia":[{"embeddable":true,"href":"https:\/\/goelette.ca\/en\/wp-json\/wp\/v2\/media\/10940"}],"wp:attachment":[{"href":"https:\/\/goelette.ca\/en\/wp-json\/wp\/v2\/media?parent=10942"}],"wp:term":[{"taxonomy":"product_brand","embeddable":true,"href":"https:\/\/goelette.ca\/en\/wp-json\/wp\/v2\/product_brand?post=10942"},{"taxonomy":"product_cat","embeddable":true,"href":"https:\/\/goelette.ca\/en\/wp-json\/wp\/v2\/product_cat?post=10942"},{"taxonomy":"product_tag","embeddable":true,"href":"https:\/\/goelette.ca\/en\/wp-json\/wp\/v2\/product_tag?post=10942"},{"taxonomy":"maison_dedition","embeddable":true,"href":"https:\/\/goelette.ca\/en\/wp-json\/wp\/v2\/maison_dedition?post=10942"}],"curies":[{"name":"wp","href":"https:\/\/api.w.org\/{rel}","templated":true}]}}