{"id":10939,"date":"2018-05-07T01:00:00","date_gmt":"2021-10-04T18:44:27","guid":{"rendered":"https:\/\/www.goelette.ca\/produit\/les-pouvoirs-de-la-magie-2\/"},"modified":"2024-07-08T12:46:24","modified_gmt":"2024-07-08T16:46:24","slug":"les-pouvoirs-de-la-magie-2","status":"publish","type":"product","link":"https:\/\/goelette.ca\/en\/tous-les-livres\/les-pouvoirs-de-la-magie-2\/","title":{"rendered":"Les pouvoirs de la magie"},"content":{"rendered":"<p>Gr\u00e2ce \u00e0 ce guide, vous apprendrez \u00e0 communiquer avec les \u00eatres surnaturels et \u00e0 leur adresser vos demandes. Utilisez efficacement les chandelles, l&#8217;encens, les pierres et les m\u00e9taux, les talismans, les pyramides et les mantras, et familiarisez-vous avec les diff\u00e9rents rituels de magie. Les invocations propos\u00e9es s&#8217;inspirent de pratiques pa\u00efennes et religieuses r\u00e9centes, ainsi que de traditions mill\u00e9naires relevant principalement de la magie blanche, de la magie noire et de la magie sacr\u00e9e des g\u00e9nies de la cabale.<\/p>\n<p>Cet ouvrage contient une foule d&#8217;informations pour perfectionner votre savoir sur l&#8217;art d&#8217;utiliser les \u00e9nergies et les objets qui vous entourent.<\/p>\n<p>Le monde de la magie est ouvert \u00e0 vous: usez-en avec sagesse afin de r\u00e9aliser vos d\u00e9sirs les plus chers !<\/p>\n","protected":false},"excerpt":{"rendered":"<p>Gr\u00e2ce \u00e0 ce guide, vous apprendrez \u00e0 communiquer avec les \u00eatres surnaturels et \u00e0 leur adresser vos demandes. Utilisez efficacement les chandelles, l&#8217;encens, les pierres et les m\u00e9taux, les talismans, les pyramides et les mantras, et familiarisez-vous avec les diff\u00e9rents rituels de magie. Les invocations propos\u00e9es s&#8217;inspirent de pratiques pa\u00efennes et religieuses r\u00e9centes, ainsi que [&hellip;]<\/p>\n","protected":false},"featured_media":10937,"template":"","meta":{"wds_primary_product_brand":0,"wds_primary_product_cat":0,"wds_primary_maison_dedition":0},"product_brand":[],"product_cat":[581],"product_tag":[],"maison_dedition":[541],"class_list":{"0":"post-10939","1":"product","2":"type-product","3":"status-publish","4":"has-post-thumbnail","6":"product_cat-esoterisme","7":"pa_auteur-collectif","8":"maison_dedition-les-editions-coup-doeil","10":"first","11":"instock","12":"taxable","13":"shipping-taxable","14":"purchasable","15":"product-type-variable"},"bundled_by":[],"bundle_stock_status":"instock","bundle_stock_quantity":null,"bundle_virtual":false,"bundle_layout":"","bundle_add_to_cart_form_location":"","bundle_editable_in_cart":false,"bundle_sold_individually_context":"","bundle_item_grouping":"","bundle_min_size":"","bundle_max_size":"","bundle_price":[],"bundled_items":[],"bundle_sell_ids":[],"acf":[],"_links":{"self":[{"href":"https:\/\/goelette.ca\/en\/wp-json\/wp\/v2\/product\/10939","targetHints":{"allow":["GET"]}}],"collection":[{"href":"https:\/\/goelette.ca\/en\/wp-json\/wp\/v2\/product"}],"about":[{"href":"https:\/\/goelette.ca\/en\/wp-json\/wp\/v2\/types\/product"}],"wp:featuredmedia":[{"embeddable":true,"href":"https:\/\/goelette.ca\/en\/wp-json\/wp\/v2\/media\/10937"}],"wp:attachment":[{"href":"https:\/\/goelette.ca\/en\/wp-json\/wp\/v2\/media?parent=10939"}],"wp:term":[{"taxonomy":"product_brand","embeddable":true,"href":"https:\/\/goelette.ca\/en\/wp-json\/wp\/v2\/product_brand?post=10939"},{"taxonomy":"product_cat","embeddable":true,"href":"https:\/\/goelette.ca\/en\/wp-json\/wp\/v2\/product_cat?post=10939"},{"taxonomy":"product_tag","embeddable":true,"href":"https:\/\/goelette.ca\/en\/wp-json\/wp\/v2\/product_tag?post=10939"},{"taxonomy":"maison_dedition","embeddable":true,"href":"https:\/\/goelette.ca\/en\/wp-json\/wp\/v2\/maison_dedition?post=10939"}],"curies":[{"name":"wp","href":"https:\/\/api.w.org\/{rel}","templated":true}]}}