{"id":10936,"date":"2018-05-04T01:00:00","date_gmt":"2021-10-04T18:44:25","guid":{"rendered":"https:\/\/www.goelette.ca\/produit\/les-anges-et-nous\/"},"modified":"2022-02-18T16:15:00","modified_gmt":"2022-02-18T21:15:00","slug":"les-anges-et-nous","status":"publish","type":"product","link":"https:\/\/goelette.ca\/en\/tous-les-livres\/les-anges-et-nous\/","title":{"rendered":"Les anges et nous"},"content":{"rendered":"<p>Ce guide est con\u00e7u pour tous ceux qui souhaitent s&#8217;initier \u00e0 la communication avec leurs anges gardiens. Le r\u00e9put\u00e9 chercheur en \u00e9sot\u00e9risme Jean-Marc Pelletier vous livre ici de pr\u00e9cieux conseils pour entrer en contact avec eux et vous r\u00e9v\u00e8le des informations passionnantes sur leur monde.<\/p>\n<p>Faites connaissance avec tous les anges gardiens et apprenez- le nom du v\u00f4tre. Familiarisez-vous avec les anges qui r\u00e9gissent les dates, les jours de la semaine et m\u00eame les heures, et apprenez \u00e0 les appeler gr\u00e2ce aux nombreuses pri\u00e8res contenues dans ce livre.<\/p>\n<p>Les anges peuvent intervenir dans votre vie : il suffit de les invoquer !<\/p>\n","protected":false},"excerpt":{"rendered":"<p>Ce guide est con\u00e7u pour tous ceux qui souhaitent s&#8217;initier \u00e0 la communication avec leurs anges gardiens. Le r\u00e9put\u00e9 chercheur en \u00e9sot\u00e9risme Jean-Marc Pelletier vous livre ici de pr\u00e9cieux conseils pour entrer en contact avec eux et vous r\u00e9v\u00e8le des informations passionnantes sur leur monde. Faites connaissance avec tous les anges gardiens et apprenez- le [&hellip;]<\/p>\n","protected":false},"featured_media":10934,"template":"","meta":{"wds_primary_product_brand":0,"wds_primary_product_cat":0,"wds_primary_maison_dedition":0},"product_brand":[],"product_cat":[581],"product_tag":[],"maison_dedition":[541],"class_list":{"0":"post-10936","1":"product","2":"type-product","3":"status-publish","4":"has-post-thumbnail","6":"product_cat-esoterisme","7":"pa_auteur-jean-marc-pelletier","8":"maison_dedition-les-editions-coup-doeil","10":"first","11":"instock","12":"taxable","13":"shipping-taxable","14":"purchasable","15":"product-type-variable"},"bundled_by":[],"bundle_stock_status":"instock","bundle_stock_quantity":null,"bundle_virtual":false,"bundle_layout":"","bundle_add_to_cart_form_location":"","bundle_editable_in_cart":false,"bundle_sold_individually_context":"","bundle_item_grouping":"","bundle_min_size":"","bundle_max_size":"","bundle_price":[],"bundled_items":[],"bundle_sell_ids":[],"acf":[],"_links":{"self":[{"href":"https:\/\/goelette.ca\/en\/wp-json\/wp\/v2\/product\/10936","targetHints":{"allow":["GET"]}}],"collection":[{"href":"https:\/\/goelette.ca\/en\/wp-json\/wp\/v2\/product"}],"about":[{"href":"https:\/\/goelette.ca\/en\/wp-json\/wp\/v2\/types\/product"}],"wp:featuredmedia":[{"embeddable":true,"href":"https:\/\/goelette.ca\/en\/wp-json\/wp\/v2\/media\/10934"}],"wp:attachment":[{"href":"https:\/\/goelette.ca\/en\/wp-json\/wp\/v2\/media?parent=10936"}],"wp:term":[{"taxonomy":"product_brand","embeddable":true,"href":"https:\/\/goelette.ca\/en\/wp-json\/wp\/v2\/product_brand?post=10936"},{"taxonomy":"product_cat","embeddable":true,"href":"https:\/\/goelette.ca\/en\/wp-json\/wp\/v2\/product_cat?post=10936"},{"taxonomy":"product_tag","embeddable":true,"href":"https:\/\/goelette.ca\/en\/wp-json\/wp\/v2\/product_tag?post=10936"},{"taxonomy":"maison_dedition","embeddable":true,"href":"https:\/\/goelette.ca\/en\/wp-json\/wp\/v2\/maison_dedition?post=10936"}],"curies":[{"name":"wp","href":"https:\/\/api.w.org\/{rel}","templated":true}]}}