{"id":10930,"date":"2018-05-04T01:00:00","date_gmt":"2021-10-04T18:44:16","guid":{"rendered":"https:\/\/www.goelette.ca\/produit\/le-guide-pratique-de-la-divination\/"},"modified":"2022-02-18T16:14:58","modified_gmt":"2022-02-18T21:14:58","slug":"le-guide-pratique-de-la-divination","status":"publish","type":"product","link":"https:\/\/goelette.ca\/en\/tous-les-livres\/le-guide-pratique-de-la-divination\/","title":{"rendered":"Le guide pratique de la divination"},"content":{"rendered":"<p>Qui n&#8217;a jamais eu envie d&#8217;entrevoir ce que l&#8217;avenir lui r\u00e9serve ? Si vous souhaitez y parvenir, cet ouvrage initiatique vous enseignera de nombreuses techniques et m\u00e9thodes de divination. Vous pourrez mettre en pratique vos dons ou vos pouvoirs et trouver parmi les 17 m\u00e9thodes propos\u00e9es celle qui vous convient le mieux.<\/p>\n<p>Initiez-vous aux arts divinatoires connus comme la cartomancie, la num\u00e9rologie et le tarot, ainsi que d&#8217;autres moins r\u00e9pandus comme la kybomancie, l&#8217;oracle des couleurs ou les disques du soleil.<\/p>\n<p>D\u00e9veloppez d\u00e8s maintenant vos habilet\u00e9s dans l&#8217;art de lire le futur !<\/p>\n","protected":false},"excerpt":{"rendered":"<p>Qui n&#8217;a jamais eu envie d&#8217;entrevoir ce que l&#8217;avenir lui r\u00e9serve ? Si vous souhaitez y parvenir, cet ouvrage initiatique vous enseignera de nombreuses techniques et m\u00e9thodes de divination. Vous pourrez mettre en pratique vos dons ou vos pouvoirs et trouver parmi les 17 m\u00e9thodes propos\u00e9es celle qui vous convient le mieux. Initiez-vous aux arts [&hellip;]<\/p>\n","protected":false},"featured_media":10928,"template":"","meta":{"wds_primary_product_brand":0,"wds_primary_product_cat":0,"wds_primary_maison_dedition":0},"product_brand":[],"product_cat":[581],"product_tag":[],"maison_dedition":[541],"class_list":{"0":"post-10930","1":"product","2":"type-product","3":"status-publish","4":"has-post-thumbnail","6":"product_cat-esoterisme","7":"pa_auteur-peter-rodspaine","8":"maison_dedition-les-editions-coup-doeil","10":"first","11":"instock","12":"taxable","13":"shipping-taxable","14":"purchasable","15":"product-type-variable"},"bundled_by":[],"bundle_stock_status":"instock","bundle_stock_quantity":null,"bundle_virtual":false,"bundle_layout":"","bundle_add_to_cart_form_location":"","bundle_editable_in_cart":false,"bundle_sold_individually_context":"","bundle_item_grouping":"","bundle_min_size":"","bundle_max_size":"","bundle_price":[],"bundled_items":[],"bundle_sell_ids":[],"acf":[],"_links":{"self":[{"href":"https:\/\/goelette.ca\/en\/wp-json\/wp\/v2\/product\/10930","targetHints":{"allow":["GET"]}}],"collection":[{"href":"https:\/\/goelette.ca\/en\/wp-json\/wp\/v2\/product"}],"about":[{"href":"https:\/\/goelette.ca\/en\/wp-json\/wp\/v2\/types\/product"}],"wp:featuredmedia":[{"embeddable":true,"href":"https:\/\/goelette.ca\/en\/wp-json\/wp\/v2\/media\/10928"}],"wp:attachment":[{"href":"https:\/\/goelette.ca\/en\/wp-json\/wp\/v2\/media?parent=10930"}],"wp:term":[{"taxonomy":"product_brand","embeddable":true,"href":"https:\/\/goelette.ca\/en\/wp-json\/wp\/v2\/product_brand?post=10930"},{"taxonomy":"product_cat","embeddable":true,"href":"https:\/\/goelette.ca\/en\/wp-json\/wp\/v2\/product_cat?post=10930"},{"taxonomy":"product_tag","embeddable":true,"href":"https:\/\/goelette.ca\/en\/wp-json\/wp\/v2\/product_tag?post=10930"},{"taxonomy":"maison_dedition","embeddable":true,"href":"https:\/\/goelette.ca\/en\/wp-json\/wp\/v2\/maison_dedition?post=10930"}],"curies":[{"name":"wp","href":"https:\/\/api.w.org\/{rel}","templated":true}]}}