{"id":10927,"date":"2018-05-04T01:00:00","date_gmt":"2021-10-04T18:44:13","guid":{"rendered":"https:\/\/www.goelette.ca\/produit\/les-pouvoirs-secrets-des-pyramides\/"},"modified":"2024-01-23T13:37:36","modified_gmt":"2024-01-23T18:37:36","slug":"les-pouvoirs-secrets-des-pyramides","status":"publish","type":"product","link":"https:\/\/goelette.ca\/en\/tous-les-livres\/les-pouvoirs-secrets-des-pyramides\/","title":{"rendered":"Les pouvoirs secrets des pyramides"},"content":{"rendered":"<p>Depuis toujours, les pyramides fascinent et suscitent l&#8217;interrogation. Les astronomes, les historiens, les arch\u00e9ologues et les passionn\u00e9s s&#8217;int\u00e9ressent grandement aux pouvoirs attribu\u00e9s \u00e0 la forme pyramidale ainsi qu&#8217;\u00e0 ses effets sur les objets et sur les \u00eatres humains. Les divers secrets de ces monuments inspirants vous sont ici d\u00e9voil\u00e9s !<\/p>\n<p>Laissez-vous \u00e9tonner par les vertus des pyramides, qui s&#8217;appliquent \u00e0 divers arts divinatoires. D\u00e9couvrez \u00e9galement votre propre pyramide ainsi que les bienfaits qu&#8217;elle peut avoir sur votre quotidien.<\/p>\n","protected":false},"excerpt":{"rendered":"<p>Depuis toujours, les pyramides fascinent et suscitent l&#8217;interrogation. Les astronomes, les historiens, les arch\u00e9ologues et les passionn\u00e9s s&#8217;int\u00e9ressent grandement aux pouvoirs attribu\u00e9s \u00e0 la forme pyramidale ainsi qu&#8217;\u00e0 ses effets sur les objets et sur les \u00eatres humains. Les divers secrets de ces monuments inspirants vous sont ici d\u00e9voil\u00e9s ! Laissez-vous \u00e9tonner par les vertus [&hellip;]<\/p>\n","protected":false},"featured_media":10925,"template":"","meta":{"wds_primary_product_brand":0,"wds_primary_product_cat":0,"wds_primary_maison_dedition":0},"product_brand":[],"product_cat":[581],"product_tag":[],"maison_dedition":[541],"class_list":{"0":"post-10927","1":"product","2":"type-product","3":"status-publish","4":"has-post-thumbnail","6":"product_cat-esoterisme","7":"pa_auteur-eric-beauharnois","8":"maison_dedition-les-editions-coup-doeil","10":"first","11":"instock","12":"taxable","13":"shipping-taxable","14":"purchasable","15":"product-type-variable"},"bundled_by":[],"bundle_stock_status":"instock","bundle_stock_quantity":null,"bundle_virtual":false,"bundle_layout":"","bundle_add_to_cart_form_location":"","bundle_editable_in_cart":false,"bundle_sold_individually_context":"","bundle_item_grouping":"","bundle_min_size":"","bundle_max_size":"","bundle_price":[],"bundled_items":[],"bundle_sell_ids":[],"acf":[],"_links":{"self":[{"href":"https:\/\/goelette.ca\/en\/wp-json\/wp\/v2\/product\/10927","targetHints":{"allow":["GET"]}}],"collection":[{"href":"https:\/\/goelette.ca\/en\/wp-json\/wp\/v2\/product"}],"about":[{"href":"https:\/\/goelette.ca\/en\/wp-json\/wp\/v2\/types\/product"}],"wp:featuredmedia":[{"embeddable":true,"href":"https:\/\/goelette.ca\/en\/wp-json\/wp\/v2\/media\/10925"}],"wp:attachment":[{"href":"https:\/\/goelette.ca\/en\/wp-json\/wp\/v2\/media?parent=10927"}],"wp:term":[{"taxonomy":"product_brand","embeddable":true,"href":"https:\/\/goelette.ca\/en\/wp-json\/wp\/v2\/product_brand?post=10927"},{"taxonomy":"product_cat","embeddable":true,"href":"https:\/\/goelette.ca\/en\/wp-json\/wp\/v2\/product_cat?post=10927"},{"taxonomy":"product_tag","embeddable":true,"href":"https:\/\/goelette.ca\/en\/wp-json\/wp\/v2\/product_tag?post=10927"},{"taxonomy":"maison_dedition","embeddable":true,"href":"https:\/\/goelette.ca\/en\/wp-json\/wp\/v2\/maison_dedition?post=10927"}],"curies":[{"name":"wp","href":"https:\/\/api.w.org\/{rel}","templated":true}]}}