{"id":10924,"date":"2018-05-04T01:00:00","date_gmt":"2021-10-04T18:44:11","guid":{"rendered":"https:\/\/www.goelette.ca\/produit\/vos-vies-anterieures\/"},"modified":"2022-02-18T16:14:55","modified_gmt":"2022-02-18T21:14:55","slug":"vos-vies-anterieures","status":"publish","type":"product","link":"https:\/\/goelette.ca\/en\/tous-les-livres\/vos-vies-anterieures\/","title":{"rendered":"Vos vies ant\u00e9rieures"},"content":{"rendered":"<p>L&#8217;une des rares choses dont nous soyons absolument certains est que nous mourrons tous. <\/p>\n<p>Mais pourquoi devrions-nous angoisser \u00e0 cette id\u00e9e ? Il est possible de se lib\u00e9rer de ce sentiment n\u00e9faste en acc\u00e9dant \u00e0 nos vies pass\u00e9es et futures.<\/p>\n<p>Depuis des mill\u00e9naires, la r\u00e9incarnation est au coeur des croyances de nombreuses personnes, civilisations et religions. \u00c0 votre tout, apprenez \u00e0 d\u00e9mystifier l&#8217;essence m\u00eame de cette doctrine et \u00e0 lever le voile sur votre propre existence. Trouvez les r\u00e9ponses aux questions que vous vous posez pour mieux vous conna\u00eetre et \u00e9voluer.<\/p>\n<p>Vos vies ant\u00e9rieures et leurs secrets sont \u00e0 votre port\u00e9e ! <\/p>\n","protected":false},"excerpt":{"rendered":"<p>L&#8217;une des rares choses dont nous soyons absolument certains est que nous mourrons tous. Mais pourquoi devrions-nous angoisser \u00e0 cette id\u00e9e ? Il est possible de se lib\u00e9rer de ce sentiment n\u00e9faste en acc\u00e9dant \u00e0 nos vies pass\u00e9es et futures. Depuis des mill\u00e9naires, la r\u00e9incarnation est au coeur des croyances de nombreuses personnes, civilisations et [&hellip;]<\/p>\n","protected":false},"featured_media":10922,"template":"","meta":{"wds_primary_product_brand":0,"wds_primary_product_cat":0,"wds_primary_maison_dedition":0},"product_brand":[],"product_cat":[581],"product_tag":[],"maison_dedition":[541],"class_list":{"0":"post-10924","1":"product","2":"type-product","3":"status-publish","4":"has-post-thumbnail","6":"product_cat-esoterisme","7":"pa_auteur-stephane-marquis","8":"maison_dedition-les-editions-coup-doeil","10":"first","11":"instock","12":"taxable","13":"shipping-taxable","14":"purchasable","15":"product-type-variable"},"bundled_by":[],"bundle_stock_status":"instock","bundle_stock_quantity":null,"bundle_virtual":false,"bundle_layout":"","bundle_add_to_cart_form_location":"","bundle_editable_in_cart":false,"bundle_sold_individually_context":"","bundle_item_grouping":"","bundle_min_size":"","bundle_max_size":"","bundle_price":[],"bundled_items":[],"bundle_sell_ids":[],"acf":[],"_links":{"self":[{"href":"https:\/\/goelette.ca\/en\/wp-json\/wp\/v2\/product\/10924","targetHints":{"allow":["GET"]}}],"collection":[{"href":"https:\/\/goelette.ca\/en\/wp-json\/wp\/v2\/product"}],"about":[{"href":"https:\/\/goelette.ca\/en\/wp-json\/wp\/v2\/types\/product"}],"wp:featuredmedia":[{"embeddable":true,"href":"https:\/\/goelette.ca\/en\/wp-json\/wp\/v2\/media\/10922"}],"wp:attachment":[{"href":"https:\/\/goelette.ca\/en\/wp-json\/wp\/v2\/media?parent=10924"}],"wp:term":[{"taxonomy":"product_brand","embeddable":true,"href":"https:\/\/goelette.ca\/en\/wp-json\/wp\/v2\/product_brand?post=10924"},{"taxonomy":"product_cat","embeddable":true,"href":"https:\/\/goelette.ca\/en\/wp-json\/wp\/v2\/product_cat?post=10924"},{"taxonomy":"product_tag","embeddable":true,"href":"https:\/\/goelette.ca\/en\/wp-json\/wp\/v2\/product_tag?post=10924"},{"taxonomy":"maison_dedition","embeddable":true,"href":"https:\/\/goelette.ca\/en\/wp-json\/wp\/v2\/maison_dedition?post=10924"}],"curies":[{"name":"wp","href":"https:\/\/api.w.org\/{rel}","templated":true}]}}