{"id":10921,"date":"2018-05-04T01:00:00","date_gmt":"2021-10-04T18:44:09","guid":{"rendered":"https:\/\/www.goelette.ca\/produit\/365-pensees-de-la-sagesse-chinoise\/"},"modified":"2024-08-29T13:51:52","modified_gmt":"2024-08-29T17:51:52","slug":"365-pensees-de-la-sagesse-chinoise","status":"publish","type":"product","link":"https:\/\/goelette.ca\/en\/tous-les-livres\/365-pensees-de-la-sagesse-chinoise\/","title":{"rendered":"365 pens\u00e9es de la sagesse chinoise"},"content":{"rendered":"<p>Cet ouvrage est le magnifique t\u00e9moignage d&#8217;une culture ancestrale et riche, porteuse d&#8217;une philosophie qui a travers\u00e9 les si\u00e8cles : celle de la sagesse chinoise. Jour apr\u00e8s jour, apprenez \u00e0 saisir l&#8217;essence des proverbes chinois, tous plus signifiants les uns que les autres. Profitez de cet enseignement intemporel \u00e0 travers les commentaires adapt\u00e9s \u00e0 un quotidien toujours plus rapide et exigeant.<\/p>\n<p>Au d\u00e9but de chaque mois, une histoire ou une all\u00e9gorie vous encouragera \u00e0 cultiver votre sagesse. Vous pourrez ensuite poursuivre votre r\u00e9flexion chaque jour de l&#8217;ann\u00e9e gr\u00e2ce aux 365 proverbes contenus dans ce livre.<\/p>\n","protected":false},"excerpt":{"rendered":"<p>Cet ouvrage est le magnifique t\u00e9moignage d&#8217;une culture ancestrale et riche, porteuse d&#8217;une philosophie qui a travers\u00e9 les si\u00e8cles : celle de la sagesse chinoise. Jour apr\u00e8s jour, apprenez \u00e0 saisir l&#8217;essence des proverbes chinois, tous plus signifiants les uns que les autres. Profitez de cet enseignement intemporel \u00e0 travers les commentaires adapt\u00e9s \u00e0 un [&hellip;]<\/p>\n","protected":false},"featured_media":10919,"template":"","meta":{"wds_primary_product_brand":0,"wds_primary_product_cat":0,"wds_primary_maison_dedition":0},"product_brand":[],"product_cat":[592,557],"product_tag":[],"maison_dedition":[593],"class_list":{"0":"post-10921","1":"product","2":"type-product","3":"status-publish","4":"has-post-thumbnail","6":"product_cat-croissance-personnelle-pratique","7":"product_cat-pratique","8":"pa_auteur-hua-hu-chang","9":"maison_dedition-365-jeux","11":"first","12":"instock","13":"taxable","14":"shipping-taxable","15":"purchasable","16":"product-type-variable"},"bundled_by":[],"bundle_stock_status":"instock","bundle_stock_quantity":null,"bundle_virtual":false,"bundle_layout":"","bundle_add_to_cart_form_location":"","bundle_editable_in_cart":false,"bundle_sold_individually_context":"","bundle_item_grouping":"","bundle_min_size":"","bundle_max_size":"","bundle_price":[],"bundled_items":[],"bundle_sell_ids":[],"acf":[],"_links":{"self":[{"href":"https:\/\/goelette.ca\/en\/wp-json\/wp\/v2\/product\/10921","targetHints":{"allow":["GET"]}}],"collection":[{"href":"https:\/\/goelette.ca\/en\/wp-json\/wp\/v2\/product"}],"about":[{"href":"https:\/\/goelette.ca\/en\/wp-json\/wp\/v2\/types\/product"}],"wp:featuredmedia":[{"embeddable":true,"href":"https:\/\/goelette.ca\/en\/wp-json\/wp\/v2\/media\/10919"}],"wp:attachment":[{"href":"https:\/\/goelette.ca\/en\/wp-json\/wp\/v2\/media?parent=10921"}],"wp:term":[{"taxonomy":"product_brand","embeddable":true,"href":"https:\/\/goelette.ca\/en\/wp-json\/wp\/v2\/product_brand?post=10921"},{"taxonomy":"product_cat","embeddable":true,"href":"https:\/\/goelette.ca\/en\/wp-json\/wp\/v2\/product_cat?post=10921"},{"taxonomy":"product_tag","embeddable":true,"href":"https:\/\/goelette.ca\/en\/wp-json\/wp\/v2\/product_tag?post=10921"},{"taxonomy":"maison_dedition","embeddable":true,"href":"https:\/\/goelette.ca\/en\/wp-json\/wp\/v2\/maison_dedition?post=10921"}],"curies":[{"name":"wp","href":"https:\/\/api.w.org\/{rel}","templated":true}]}}