{"id":10918,"date":"2018-05-04T01:00:00","date_gmt":"2018-05-03T23:00:00","guid":{"rendered":"https:\/\/www.goelette.ca\/produit\/comment-accompagner-une-personne-atteinte-dalzheimer\/"},"modified":"2025-10-03T12:52:31","modified_gmt":"2025-10-03T16:52:31","slug":"comment-accompagner-une-personne-atteinte-dalzheimer","status":"publish","type":"product","link":"https:\/\/goelette.ca\/en\/tous-les-livres\/comment-accompagner-une-personne-atteinte-dalzheimer\/","title":{"rendered":"Comment accompagner une personne atteinte d&#8217;Alzheimer"},"content":{"rendered":"<p>Au Canada, 747 000 personnes souffrent aujourd&#8217;hui d&#8217;Alzheimer ou d&#8217;une autre maladie cognitive, et ce nombre grandit chaque ann\u00e9e. Cette maladie, dont on ne conna\u00eet toujours pas les causes exactes, soul\u00e8ve de nombreuses questions :<\/p>\n<p>Qu&#8217;est-ce que l&#8217;Alzheimer?, Existe-t-il des traitements, des m\u00e9dicaments pour combattre de terrible mal?, Comment la personne atteinte se sent-elle?, Comment communiquer avec elle au fur et \u00e0 mesure de la progression de la maladie?, Comment peut-on l&#8217;aider, l&#8217;accompagner?, Qu&#8217;est-ce que l&#8217;aidant peut faire pour se prot\u00e9ger lui-m\u00eame, ne pas s&#8217;\u00e9puiser?, Quelles sont les ressources disponibles?, Quel soutien peut-on trouver?<\/p>\n<p>Si vous \u00eates un proche aidant ou si vous connaissez une personne atteinte de l&#8217;Alzheimer, ce livre sera pour vous une grande source d&#8217;informations pertinentes et de r\u00e9confort.<\/p>\n","protected":false},"excerpt":{"rendered":"<p>Au Canada, 747 000 personnes souffrent aujourd&#8217;hui d&#8217;Alzheimer ou d&#8217;une autre maladie cognitive, et ce nombre grandit chaque ann\u00e9e. Cette maladie, dont on ne conna\u00eet toujours pas les causes exactes, soul\u00e8ve de nombreuses questions : Qu&#8217;est-ce que l&#8217;Alzheimer?, Existe-t-il des traitements, des m\u00e9dicaments pour combattre de terrible mal?, Comment la personne atteinte se sent-elle?, Comment [&hellip;]<\/p>\n","protected":false},"featured_media":10916,"template":"","meta":{"wds_primary_product_brand":0,"wds_primary_product_cat":0,"wds_primary_maison_dedition":0},"product_brand":[],"product_cat":[586,557,561],"product_tag":[],"maison_dedition":[541],"class_list":{"0":"post-10918","1":"product","2":"type-product","3":"status-publish","4":"has-post-thumbnail","6":"product_cat-bien-etre-et-sante-pratique","7":"product_cat-pratique","8":"product_cat-psychologie","9":"pa_auteur-michele-dumont-portugais","10":"maison_dedition-les-editions-coup-doeil","12":"first","13":"instock","14":"taxable","15":"shipping-taxable","16":"purchasable","17":"product-type-variable"},"bundled_by":[],"bundle_stock_status":"instock","bundle_stock_quantity":null,"bundle_virtual":false,"bundle_layout":"","bundle_add_to_cart_form_location":"","bundle_editable_in_cart":false,"bundle_sold_individually_context":"","bundle_item_grouping":"","bundle_min_size":"","bundle_max_size":"","bundle_price":[],"bundled_items":[],"bundle_sell_ids":[],"acf":[],"_links":{"self":[{"href":"https:\/\/goelette.ca\/en\/wp-json\/wp\/v2\/product\/10918","targetHints":{"allow":["GET"]}}],"collection":[{"href":"https:\/\/goelette.ca\/en\/wp-json\/wp\/v2\/product"}],"about":[{"href":"https:\/\/goelette.ca\/en\/wp-json\/wp\/v2\/types\/product"}],"wp:featuredmedia":[{"embeddable":true,"href":"https:\/\/goelette.ca\/en\/wp-json\/wp\/v2\/media\/10916"}],"wp:attachment":[{"href":"https:\/\/goelette.ca\/en\/wp-json\/wp\/v2\/media?parent=10918"}],"wp:term":[{"taxonomy":"product_brand","embeddable":true,"href":"https:\/\/goelette.ca\/en\/wp-json\/wp\/v2\/product_brand?post=10918"},{"taxonomy":"product_cat","embeddable":true,"href":"https:\/\/goelette.ca\/en\/wp-json\/wp\/v2\/product_cat?post=10918"},{"taxonomy":"product_tag","embeddable":true,"href":"https:\/\/goelette.ca\/en\/wp-json\/wp\/v2\/product_tag?post=10918"},{"taxonomy":"maison_dedition","embeddable":true,"href":"https:\/\/goelette.ca\/en\/wp-json\/wp\/v2\/maison_dedition?post=10918"}],"curies":[{"name":"wp","href":"https:\/\/api.w.org\/{rel}","templated":true}]}}