{"id":10912,"date":"2021-07-09T01:00:00","date_gmt":"2021-10-04T18:44:03","guid":{"rendered":"https:\/\/www.goelette.ca\/produit\/transformez-les-epreuves-en-opportunites\/"},"modified":"2021-12-03T18:17:09","modified_gmt":"2021-12-03T17:17:09","slug":"transformez-les-epreuves-en-opportunites","status":"publish","type":"product","link":"https:\/\/goelette.ca\/en\/tous-les-livres\/transformez-les-epreuves-en-opportunites\/","title":{"rendered":"Transformez les \u00e9preuves en opportunit\u00e9s!"},"content":{"rendered":"<p>Vous r\u00eavez d\u2019une vie calme et paisible, alors que<br \/>votre quotidien ne l\u2019est pas du tout ? Afin d\u2019y arriver,<br \/>la meilleure option est de tirer profit de tous les<br \/>bouleversements auxquels nous sommes confront\u00e9s.<br \/>Ce livre vous apprendra comment accueillir le changement en<br \/>reprogrammant votre esprit. Il vous aidera \u00e0 faire table rase<br \/>de tous les pr\u00e9jug\u00e9s qui vous collent \u00e0 la peau, \u00e0 d\u00e9velopper<br \/>votre confiance et \u00e0 cesser d\u2019avoir peur de l\u2019inconnu.<br \/>Atteignez un point d\u2019\u00e9quilibre qui vous permettra<br \/>de passer au travers des pires \u00e9preuves en les<br \/>transformant en tremplins positifs !<\/p>\n","protected":false},"excerpt":{"rendered":"<p>Vous r\u00eavez d\u2019une vie calme et paisible, alors quevotre quotidien ne l\u2019est pas du tout ? Afin d\u2019y arriver,la meilleure option est de tirer profit de tous lesbouleversements auxquels nous sommes confront\u00e9s.Ce livre vous apprendra comment accueillir le changement enreprogrammant votre esprit. Il vous aidera \u00e0 faire table rasede tous les pr\u00e9jug\u00e9s qui vous collent [&hellip;]<\/p>\n","protected":false},"featured_media":10910,"template":"","meta":{"wds_primary_product_brand":0,"wds_primary_product_cat":0,"wds_primary_maison_dedition":0},"product_brand":[],"product_cat":[592,557,561],"product_tag":[],"maison_dedition":[541],"class_list":{"0":"post-10912","1":"product","2":"type-product","3":"status-publish","4":"has-post-thumbnail","6":"product_cat-croissance-personnelle-pratique","7":"product_cat-pratique","8":"product_cat-psychologie","9":"pa_auteur-pierre-haineault","10":"maison_dedition-les-editions-coup-doeil","12":"first","13":"instock","14":"taxable","15":"shipping-taxable","16":"purchasable","17":"product-type-variable"},"bundled_by":[],"bundle_stock_status":"instock","bundle_stock_quantity":null,"bundle_virtual":false,"bundle_layout":"","bundle_add_to_cart_form_location":"","bundle_editable_in_cart":false,"bundle_sold_individually_context":"","bundle_item_grouping":"","bundle_min_size":"","bundle_max_size":"","bundle_price":[],"bundled_items":[],"bundle_sell_ids":[],"acf":[],"_links":{"self":[{"href":"https:\/\/goelette.ca\/en\/wp-json\/wp\/v2\/product\/10912","targetHints":{"allow":["GET"]}}],"collection":[{"href":"https:\/\/goelette.ca\/en\/wp-json\/wp\/v2\/product"}],"about":[{"href":"https:\/\/goelette.ca\/en\/wp-json\/wp\/v2\/types\/product"}],"wp:featuredmedia":[{"embeddable":true,"href":"https:\/\/goelette.ca\/en\/wp-json\/wp\/v2\/media\/10910"}],"wp:attachment":[{"href":"https:\/\/goelette.ca\/en\/wp-json\/wp\/v2\/media?parent=10912"}],"wp:term":[{"taxonomy":"product_brand","embeddable":true,"href":"https:\/\/goelette.ca\/en\/wp-json\/wp\/v2\/product_brand?post=10912"},{"taxonomy":"product_cat","embeddable":true,"href":"https:\/\/goelette.ca\/en\/wp-json\/wp\/v2\/product_cat?post=10912"},{"taxonomy":"product_tag","embeddable":true,"href":"https:\/\/goelette.ca\/en\/wp-json\/wp\/v2\/product_tag?post=10912"},{"taxonomy":"maison_dedition","embeddable":true,"href":"https:\/\/goelette.ca\/en\/wp-json\/wp\/v2\/maison_dedition?post=10912"}],"curies":[{"name":"wp","href":"https:\/\/api.w.org\/{rel}","templated":true}]}}