{"id":10909,"date":"2021-07-09T01:00:00","date_gmt":"2021-10-04T18:43:58","guid":{"rendered":"https:\/\/www.goelette.ca\/produit\/changez-et-devenez-qui-vous-voulez-etre\/"},"modified":"2021-12-03T18:17:08","modified_gmt":"2021-12-03T17:17:08","slug":"changez-et-devenez-qui-vous-voulez-etre","status":"publish","type":"product","link":"https:\/\/goelette.ca\/en\/tous-les-livres\/changez-et-devenez-qui-vous-voulez-etre\/","title":{"rendered":"Changez et devenez qui vous voulez \u00eatre!"},"content":{"rendered":"<p>La vie vous semble parsem\u00e9e d\u2019\u00e9preuves insurmontables et<br \/>vous doutez sans cesse de vos capacit\u00e9s \u00e0 les affronter ?<br \/>Prenez votre vie en main et osez changer !<br \/>Avec ce livre, apprenez \u00e0 reconna\u00eetre les pi\u00e8ges qui vous<br \/>emp\u00eachent d\u2019\u00eatre vous-m\u00eame et \u00e0 les \u00e9viter. Il vous aidera<br \/>\u00e0 poser un regard franc sur vos habitudes et vous offrira des<br \/>astuces pour retrouver confiance en vous. Ce petit guide<br \/>accessible vous permettra de redonner un sens \u00e0 votre<br \/>existence et d\u2019\u00eatre enfin libre d\u2019esprit.<br \/>\u00catre la personne que l\u2019on souhaite et vivre \u00e0 la hauteur<br \/>de ses aspirations est possible. Il n\u2019en tient qu\u2019\u00e0 vous !<\/p>\n","protected":false},"excerpt":{"rendered":"<p>La vie vous semble parsem\u00e9e d\u2019\u00e9preuves insurmontables etvous doutez sans cesse de vos capacit\u00e9s \u00e0 les affronter ?Prenez votre vie en main et osez changer !Avec ce livre, apprenez \u00e0 reconna\u00eetre les pi\u00e8ges qui vousemp\u00eachent d\u2019\u00eatre vous-m\u00eame et \u00e0 les \u00e9viter. Il vous aidera\u00e0 poser un regard franc sur vos habitudes et vous offrira desastuces [&hellip;]<\/p>\n","protected":false},"featured_media":10907,"template":"","meta":{"wds_primary_product_brand":0,"wds_primary_product_cat":0,"wds_primary_maison_dedition":0},"product_brand":[],"product_cat":[592,557,561],"product_tag":[],"maison_dedition":[541],"class_list":{"0":"post-10909","1":"product","2":"type-product","3":"status-publish","4":"has-post-thumbnail","6":"product_cat-croissance-personnelle-pratique","7":"product_cat-pratique","8":"product_cat-psychologie","9":"pa_auteur-milton-cameron","10":"maison_dedition-les-editions-coup-doeil","12":"first","13":"instock","14":"taxable","15":"shipping-taxable","16":"purchasable","17":"product-type-variable"},"bundled_by":[],"bundle_stock_status":"instock","bundle_stock_quantity":null,"bundle_virtual":false,"bundle_layout":"","bundle_add_to_cart_form_location":"","bundle_editable_in_cart":false,"bundle_sold_individually_context":"","bundle_item_grouping":"","bundle_min_size":"","bundle_max_size":"","bundle_price":[],"bundled_items":[],"bundle_sell_ids":[],"acf":[],"_links":{"self":[{"href":"https:\/\/goelette.ca\/en\/wp-json\/wp\/v2\/product\/10909","targetHints":{"allow":["GET"]}}],"collection":[{"href":"https:\/\/goelette.ca\/en\/wp-json\/wp\/v2\/product"}],"about":[{"href":"https:\/\/goelette.ca\/en\/wp-json\/wp\/v2\/types\/product"}],"wp:featuredmedia":[{"embeddable":true,"href":"https:\/\/goelette.ca\/en\/wp-json\/wp\/v2\/media\/10907"}],"wp:attachment":[{"href":"https:\/\/goelette.ca\/en\/wp-json\/wp\/v2\/media?parent=10909"}],"wp:term":[{"taxonomy":"product_brand","embeddable":true,"href":"https:\/\/goelette.ca\/en\/wp-json\/wp\/v2\/product_brand?post=10909"},{"taxonomy":"product_cat","embeddable":true,"href":"https:\/\/goelette.ca\/en\/wp-json\/wp\/v2\/product_cat?post=10909"},{"taxonomy":"product_tag","embeddable":true,"href":"https:\/\/goelette.ca\/en\/wp-json\/wp\/v2\/product_tag?post=10909"},{"taxonomy":"maison_dedition","embeddable":true,"href":"https:\/\/goelette.ca\/en\/wp-json\/wp\/v2\/maison_dedition?post=10909"}],"curies":[{"name":"wp","href":"https:\/\/api.w.org\/{rel}","templated":true}]}}