{"id":10906,"date":"2021-07-09T01:00:00","date_gmt":"2021-10-04T18:43:57","guid":{"rendered":"https:\/\/www.goelette.ca\/produit\/cessez-de-vous-sentir-coupable\/"},"modified":"2021-12-03T18:17:08","modified_gmt":"2021-12-03T17:17:08","slug":"cessez-de-vous-sentir-coupable","status":"publish","type":"product","link":"https:\/\/goelette.ca\/en\/tous-les-livres\/cessez-de-vous-sentir-coupable\/","title":{"rendered":"Cessez de vous sentir coupable"},"content":{"rendered":"<p>Le sentiment de culpabilit\u00e9 vous p\u00e8se et vous<br \/>emp\u00eache de r\u00e9aliser votre plein potentiel ?<br \/>\u00c0 l\u2019aide de cet ouvrage, d\u00e9terminez la source de ce<br \/>sentiment nuisible afin de vous en lib\u00e9rer une bonne fois<br \/>pour toutes. Il vous permettra de mieux comprendre la<br \/>culpabilit\u00e9 et d\u2019identifier son m\u00e9canisme et les impacts<br \/>qu\u2019elle a dans votre vie. Il vous aidera \u00e0 porter une<br \/>r\u00e9flexion \u00e9clair\u00e9e sur la mani\u00e8re de vous en d\u00e9tacher<br \/>afin d\u2019atteindre la libert\u00e9 dont vous avez toujours r\u00eav\u00e9.<br \/>Affirmez la personne que vous \u00eates r\u00e9ellement et<br \/>vivez enfin en harmonie avec vos d\u00e9cisions !<\/p>\n","protected":false},"excerpt":{"rendered":"<p>Le sentiment de culpabilit\u00e9 vous p\u00e8se et vousemp\u00eache de r\u00e9aliser votre plein potentiel ?\u00c0 l\u2019aide de cet ouvrage, d\u00e9terminez la source de cesentiment nuisible afin de vous en lib\u00e9rer une bonne foispour toutes. Il vous permettra de mieux comprendre laculpabilit\u00e9 et d\u2019identifier son m\u00e9canisme et les impactsqu\u2019elle a dans votre vie. Il vous aidera \u00e0 [&hellip;]<\/p>\n","protected":false},"featured_media":10904,"template":"","meta":{"wds_primary_product_brand":0,"wds_primary_product_cat":0,"wds_primary_maison_dedition":0},"product_brand":[],"product_cat":[592,557,561],"product_tag":[],"maison_dedition":[541],"class_list":{"0":"post-10906","1":"product","2":"type-product","3":"status-publish","4":"has-post-thumbnail","6":"product_cat-croissance-personnelle-pratique","7":"product_cat-pratique","8":"product_cat-psychologie","9":"pa_auteur-milton-cameron","10":"maison_dedition-les-editions-coup-doeil","12":"first","13":"instock","14":"taxable","15":"shipping-taxable","16":"purchasable","17":"product-type-variable"},"bundled_by":[],"bundle_stock_status":"instock","bundle_stock_quantity":null,"bundle_virtual":false,"bundle_layout":"","bundle_add_to_cart_form_location":"","bundle_editable_in_cart":false,"bundle_sold_individually_context":"","bundle_item_grouping":"","bundle_min_size":"","bundle_max_size":"","bundle_price":[],"bundled_items":[],"bundle_sell_ids":[],"acf":[],"_links":{"self":[{"href":"https:\/\/goelette.ca\/en\/wp-json\/wp\/v2\/product\/10906","targetHints":{"allow":["GET"]}}],"collection":[{"href":"https:\/\/goelette.ca\/en\/wp-json\/wp\/v2\/product"}],"about":[{"href":"https:\/\/goelette.ca\/en\/wp-json\/wp\/v2\/types\/product"}],"wp:featuredmedia":[{"embeddable":true,"href":"https:\/\/goelette.ca\/en\/wp-json\/wp\/v2\/media\/10904"}],"wp:attachment":[{"href":"https:\/\/goelette.ca\/en\/wp-json\/wp\/v2\/media?parent=10906"}],"wp:term":[{"taxonomy":"product_brand","embeddable":true,"href":"https:\/\/goelette.ca\/en\/wp-json\/wp\/v2\/product_brand?post=10906"},{"taxonomy":"product_cat","embeddable":true,"href":"https:\/\/goelette.ca\/en\/wp-json\/wp\/v2\/product_cat?post=10906"},{"taxonomy":"product_tag","embeddable":true,"href":"https:\/\/goelette.ca\/en\/wp-json\/wp\/v2\/product_tag?post=10906"},{"taxonomy":"maison_dedition","embeddable":true,"href":"https:\/\/goelette.ca\/en\/wp-json\/wp\/v2\/maison_dedition?post=10906"}],"curies":[{"name":"wp","href":"https:\/\/api.w.org\/{rel}","templated":true}]}}