{"id":10732,"date":"2017-10-18T01:00:00","date_gmt":"2021-10-04T18:41:41","guid":{"rendered":"https:\/\/www.goelette.ca\/produit\/en-attendant-noel-souleve-les-volets\/"},"modified":"2022-12-09T11:40:06","modified_gmt":"2022-12-09T16:40:06","slug":"en-attendant-noel-souleve-les-volets","status":"publish","type":"product","link":"https:\/\/goelette.ca\/en\/tous-les-livres\/en-attendant-noel-souleve-les-volets\/","title":{"rendered":"En attendant No\u00ebl | Soul\u00e8ve les volets"},"content":{"rendered":"<p>Qiuo a tr\u00e8s h\u00e2te que ce soit No\u00ebl ?<\/p>\n<p>Explore 5 sc\u00e8nes et d\u00e9voile ce qui se cache sous les volets !<\/p>\n","protected":false},"excerpt":{"rendered":"<p>Qiuo a tr\u00e8s h\u00e2te que ce soit No\u00ebl ? Explore 5 sc\u00e8nes et d\u00e9voile ce qui se cache sous les volets !<\/p>\n","protected":false},"featured_media":50844,"template":"","meta":{"wds_primary_product_brand":0,"wds_primary_product_cat":0,"wds_primary_maison_dedition":0},"product_brand":[],"product_cat":[538,667,545,579],"product_tag":[],"maison_dedition":[541],"class_list":{"0":"post-10732","1":"product","2":"type-product","3":"status-publish","4":"has-post-thumbnail","6":"product_cat-jeunesse","7":"product_cat-livres-tout-carton","8":"product_cat-noel","9":"product_cat-souleve-les-volets","10":"pa_auteur-collectif","11":"maison_dedition-les-editions-coup-doeil","13":"first","14":"instock","15":"taxable","16":"shipping-taxable","17":"purchasable","18":"product-type-variable"},"bundled_by":[],"bundle_stock_status":"instock","bundle_stock_quantity":null,"bundle_virtual":false,"bundle_layout":"","bundle_add_to_cart_form_location":"","bundle_editable_in_cart":false,"bundle_sold_individually_context":"","bundle_item_grouping":"","bundle_min_size":"","bundle_max_size":"","bundle_price":[],"bundled_items":[],"bundle_sell_ids":[],"acf":[],"_links":{"self":[{"href":"https:\/\/goelette.ca\/en\/wp-json\/wp\/v2\/product\/10732","targetHints":{"allow":["GET"]}}],"collection":[{"href":"https:\/\/goelette.ca\/en\/wp-json\/wp\/v2\/product"}],"about":[{"href":"https:\/\/goelette.ca\/en\/wp-json\/wp\/v2\/types\/product"}],"wp:featuredmedia":[{"embeddable":true,"href":"https:\/\/goelette.ca\/en\/wp-json\/wp\/v2\/media\/50844"}],"wp:attachment":[{"href":"https:\/\/goelette.ca\/en\/wp-json\/wp\/v2\/media?parent=10732"}],"wp:term":[{"taxonomy":"product_brand","embeddable":true,"href":"https:\/\/goelette.ca\/en\/wp-json\/wp\/v2\/product_brand?post=10732"},{"taxonomy":"product_cat","embeddable":true,"href":"https:\/\/goelette.ca\/en\/wp-json\/wp\/v2\/product_cat?post=10732"},{"taxonomy":"product_tag","embeddable":true,"href":"https:\/\/goelette.ca\/en\/wp-json\/wp\/v2\/product_tag?post=10732"},{"taxonomy":"maison_dedition","embeddable":true,"href":"https:\/\/goelette.ca\/en\/wp-json\/wp\/v2\/maison_dedition?post=10732"}],"curies":[{"name":"wp","href":"https:\/\/api.w.org\/{rel}","templated":true}]}}