{"id":106814,"date":"2024-04-18T10:44:42","date_gmt":"2024-04-18T14:44:42","guid":{"rendered":"https:\/\/goelette.ca\/?post_type=product&#038;p=106814"},"modified":"2024-04-18T10:47:44","modified_gmt":"2024-04-18T14:47:44","slug":"sudokus-3d","status":"publish","type":"product","link":"https:\/\/goelette.ca\/en\/tous-les-livres\/sudokus-3d\/","title":{"rendered":"Sudokus 3D"},"content":{"rendered":"<p>&nbsp;<\/p>\n<p>150 JEUX<\/p>\n<p>Les jeux en 3D, un nouveau d\u00e9fi pour les amateurs de sudokus !<\/p>\n<p>Prolongez le plaisir du jeu de chiffres classique avec un trio de grilles dans chaque cube.<\/p>\n<p><em>Dans la m\u00eame collection :<\/em><\/p>\n<ul>\n<li><em>Mots cach\u00e9s 3D<\/em><\/li>\n<li><em>Mots entrecrois\u00e9s 3D<\/em><\/li>\n<\/ul>\n","protected":false},"excerpt":{"rendered":"<p>&nbsp; 150 JEUX Les jeux en 3D, un nouveau d\u00e9fi pour les amateurs de sudokus ! Prolongez le plaisir du jeu de chiffres classique avec un trio de grilles dans chaque cube. Dans la m\u00eame collection : Mots cach\u00e9s 3D Mots entrecrois\u00e9s 3D<\/p>\n","protected":false},"featured_media":106817,"template":"","meta":{"wds_primary_product_brand":0,"wds_primary_product_cat":0,"wds_primary_maison_dedition":0},"product_brand":[],"product_cat":[840,567,566,569],"product_tag":[],"maison_dedition":[630],"class_list":{"0":"post-106814","1":"product","2":"type-product","3":"status-publish","4":"has-post-thumbnail","6":"product_cat-3d","7":"product_cat-adulte","8":"product_cat-livres-de-jeux","9":"product_cat-sudokus","10":"pa_auteur-collectif","11":"maison_dedition-les-editions-goelette","13":"first","14":"instock","15":"taxable","16":"shipping-taxable","17":"purchasable","18":"product-type-variable"},"bundled_by":[],"bundle_stock_status":"instock","bundle_stock_quantity":null,"bundle_virtual":false,"bundle_layout":"","bundle_add_to_cart_form_location":"","bundle_editable_in_cart":false,"bundle_sold_individually_context":"","bundle_item_grouping":"","bundle_min_size":"","bundle_max_size":"","bundle_price":[],"bundled_items":[],"bundle_sell_ids":[],"acf":[],"_links":{"self":[{"href":"https:\/\/goelette.ca\/en\/wp-json\/wp\/v2\/product\/106814","targetHints":{"allow":["GET"]}}],"collection":[{"href":"https:\/\/goelette.ca\/en\/wp-json\/wp\/v2\/product"}],"about":[{"href":"https:\/\/goelette.ca\/en\/wp-json\/wp\/v2\/types\/product"}],"wp:featuredmedia":[{"embeddable":true,"href":"https:\/\/goelette.ca\/en\/wp-json\/wp\/v2\/media\/106817"}],"wp:attachment":[{"href":"https:\/\/goelette.ca\/en\/wp-json\/wp\/v2\/media?parent=106814"}],"wp:term":[{"taxonomy":"product_brand","embeddable":true,"href":"https:\/\/goelette.ca\/en\/wp-json\/wp\/v2\/product_brand?post=106814"},{"taxonomy":"product_cat","embeddable":true,"href":"https:\/\/goelette.ca\/en\/wp-json\/wp\/v2\/product_cat?post=106814"},{"taxonomy":"product_tag","embeddable":true,"href":"https:\/\/goelette.ca\/en\/wp-json\/wp\/v2\/product_tag?post=106814"},{"taxonomy":"maison_dedition","embeddable":true,"href":"https:\/\/goelette.ca\/en\/wp-json\/wp\/v2\/maison_dedition?post=106814"}],"curies":[{"name":"wp","href":"https:\/\/api.w.org\/{rel}","templated":true}]}}