{"id":10645,"date":"2023-05-11T01:00:00","date_gmt":"2023-05-11T05:00:00","guid":{"rendered":"https:\/\/www.goelette.ca\/produit\/le-mouton-qui-ne-dormait-pas\/"},"modified":"2025-05-15T14:30:04","modified_gmt":"2025-05-15T18:30:04","slug":"le-mouton-qui-ne-dormait-pas","status":"publish","type":"product","link":"https:\/\/goelette.ca\/en\/tous-les-livres\/le-mouton-qui-ne-dormait-pas\/","title":{"rendered":"Le mouton qui ne dormait pas"},"content":{"rendered":"<p><span style=\"font-size: 14px;\">Au milieu de la nuit, tous les moutons somnolent dans leur lit\u2026 sauf Marion ! Bien d\u00e9cid\u00e9e \u00e0 y arriver elle aussi, elle essaie plusieurs trucs. Mais rien \u00e0 faire, le sommeil ne vient pas ! Qu\u2019est-ce qui aidera enfin la petite brebis \u00e0 s\u2019endormir ?<\/span><\/p>\n","protected":false},"excerpt":{"rendered":"<p>Au milieu de la nuit, tous les moutons somnolent dans leur lit\u2026 sauf Marion ! Bien d\u00e9cid\u00e9e \u00e0 y arriver elle aussi, elle essaie plusieurs trucs. Mais rien \u00e0 faire, le sommeil ne vient pas ! Qu\u2019est-ce qui aidera enfin la petite brebis \u00e0 s\u2019endormir ?<\/p>\n","protected":false},"featured_media":10643,"template":"","meta":{"wds_primary_product_brand":0,"wds_primary_product_cat":0,"wds_primary_maison_dedition":0},"product_brand":[],"product_cat":[560,578,538],"product_tag":[],"maison_dedition":[541,584],"class_list":{"0":"post-10645","1":"product","2":"type-product","3":"status-publish","4":"has-post-thumbnail","6":"product_cat-3-5-ans","7":"product_cat-albums-illustres","8":"product_cat-jeunesse","9":"pa_auteur-marilou-charpentier","10":"pa_illustrateur-laurie-lesperance","11":"maison_dedition-les-editions-coup-doeil","12":"maison_dedition-petites-lectures","14":"first","15":"instock","16":"taxable","17":"shipping-taxable","18":"purchasable","19":"product-type-variable","20":"has-default-attributes"},"bundled_by":[],"bundle_stock_status":"instock","bundle_stock_quantity":null,"bundle_virtual":false,"bundle_layout":"","bundle_add_to_cart_form_location":"","bundle_editable_in_cart":false,"bundle_sold_individually_context":"","bundle_item_grouping":"","bundle_min_size":"","bundle_max_size":"","bundle_price":[],"bundled_items":[],"bundle_sell_ids":[],"acf":[],"_links":{"self":[{"href":"https:\/\/goelette.ca\/en\/wp-json\/wp\/v2\/product\/10645","targetHints":{"allow":["GET"]}}],"collection":[{"href":"https:\/\/goelette.ca\/en\/wp-json\/wp\/v2\/product"}],"about":[{"href":"https:\/\/goelette.ca\/en\/wp-json\/wp\/v2\/types\/product"}],"wp:featuredmedia":[{"embeddable":true,"href":"https:\/\/goelette.ca\/en\/wp-json\/wp\/v2\/media\/10643"}],"wp:attachment":[{"href":"https:\/\/goelette.ca\/en\/wp-json\/wp\/v2\/media?parent=10645"}],"wp:term":[{"taxonomy":"product_brand","embeddable":true,"href":"https:\/\/goelette.ca\/en\/wp-json\/wp\/v2\/product_brand?post=10645"},{"taxonomy":"product_cat","embeddable":true,"href":"https:\/\/goelette.ca\/en\/wp-json\/wp\/v2\/product_cat?post=10645"},{"taxonomy":"product_tag","embeddable":true,"href":"https:\/\/goelette.ca\/en\/wp-json\/wp\/v2\/product_tag?post=10645"},{"taxonomy":"maison_dedition","embeddable":true,"href":"https:\/\/goelette.ca\/en\/wp-json\/wp\/v2\/maison_dedition?post=10645"}],"curies":[{"name":"wp","href":"https:\/\/api.w.org\/{rel}","templated":true}]}}