{"id":10600,"date":"2023-02-23T00:00:00","date_gmt":"2023-02-23T05:00:00","guid":{"rendered":"https:\/\/www.goelette.ca\/produit\/ivresse\/"},"modified":"2023-02-07T08:52:22","modified_gmt":"2023-02-07T13:52:22","slug":"ivresse","status":"publish","type":"product","link":"https:\/\/goelette.ca\/en\/tous-les-livres\/ivresse\/","title":{"rendered":"Ivresse"},"content":{"rendered":"<p><span style=\"font-size: 14px;\">Lorsqu&#8217;elle obtient un entretien d&#8217;embauche pour son magazine de mode pr\u00e9f\u00e9r\u00e9, Katie Sandford est folle de joie. Ne ratant jamais une occasion de sortir avec ses amis, elle f\u00eate la nouvelle en grand. Le lendemain, elle se pr\u00e9sente \u00e0 l&#8217;entrevue, encore un peu ivre, et ne para\u00eet pas sous son meilleur jour. On lui propose alors le poste \u00e0 une condition : elle doit entrer en d\u00e9sintox pour espionner une c\u00e9l\u00e9brit\u00e9 et \u00e9crire un juteux article sur tous ses secrets !<\/span><\/p>\n<p><span style=\"font-size: 14px;\">Mais la t\u00e2che s&#8217;av\u00e8re plus difficile que pr\u00e9vu. De r\u00e9elles amiti\u00e9s se forment et un bel homme fait son apparition. Au fil des jours, Katie se questionne sur ses propres d\u00e9mons alors qu&#8217;un choix d\u00e9chirant se profile \u00e0 l&#8217;horizon : devra-t-elle renoncer \u00e0 l&#8217;emploi de ses r\u00eaves ou bien \u00e0 ceux qu&#8217;elle aime ?<\/span><\/p>\n","protected":false},"excerpt":{"rendered":"<p>Lorsqu&#8217;elle obtient un entretien d&#8217;embauche pour son magazine de mode pr\u00e9f\u00e9r\u00e9, Katie Sandford est folle de joie. Ne ratant jamais une occasion de sortir avec ses amis, elle f\u00eate la nouvelle en grand. Le lendemain, elle se pr\u00e9sente \u00e0 l&#8217;entrevue, encore un peu ivre, et ne para\u00eet pas sous son meilleur jour. On lui propose [&hellip;]<\/p>\n","protected":false},"featured_media":52593,"template":"","meta":{"wds_primary_product_brand":0,"wds_primary_product_cat":0,"wds_primary_maison_dedition":0},"product_brand":[],"product_cat":[542,585],"product_tag":[],"maison_dedition":[541],"class_list":{"0":"post-10600","1":"product","2":"type-product","3":"status-publish","4":"has-post-thumbnail","6":"product_cat-roman","7":"product_cat-romance","8":"pa_auteur-catherine-mckenzie","9":"maison_dedition-les-editions-coup-doeil","11":"first","12":"instock","13":"taxable","14":"shipping-taxable","15":"purchasable","16":"product-type-variable"},"bundled_by":[],"bundle_stock_status":"instock","bundle_stock_quantity":null,"bundle_virtual":false,"bundle_layout":"","bundle_add_to_cart_form_location":"","bundle_editable_in_cart":false,"bundle_sold_individually_context":"","bundle_item_grouping":"","bundle_min_size":"","bundle_max_size":"","bundle_price":[],"bundled_items":[],"bundle_sell_ids":[],"acf":[],"_links":{"self":[{"href":"https:\/\/goelette.ca\/en\/wp-json\/wp\/v2\/product\/10600","targetHints":{"allow":["GET"]}}],"collection":[{"href":"https:\/\/goelette.ca\/en\/wp-json\/wp\/v2\/product"}],"about":[{"href":"https:\/\/goelette.ca\/en\/wp-json\/wp\/v2\/types\/product"}],"wp:featuredmedia":[{"embeddable":true,"href":"https:\/\/goelette.ca\/en\/wp-json\/wp\/v2\/media\/52593"}],"wp:attachment":[{"href":"https:\/\/goelette.ca\/en\/wp-json\/wp\/v2\/media?parent=10600"}],"wp:term":[{"taxonomy":"product_brand","embeddable":true,"href":"https:\/\/goelette.ca\/en\/wp-json\/wp\/v2\/product_brand?post=10600"},{"taxonomy":"product_cat","embeddable":true,"href":"https:\/\/goelette.ca\/en\/wp-json\/wp\/v2\/product_cat?post=10600"},{"taxonomy":"product_tag","embeddable":true,"href":"https:\/\/goelette.ca\/en\/wp-json\/wp\/v2\/product_tag?post=10600"},{"taxonomy":"maison_dedition","embeddable":true,"href":"https:\/\/goelette.ca\/en\/wp-json\/wp\/v2\/maison_dedition?post=10600"}],"curies":[{"name":"wp","href":"https:\/\/api.w.org\/{rel}","templated":true}]}}