{"id":105044,"date":"2024-04-08T15:47:40","date_gmt":"2024-04-08T19:47:40","guid":{"rendered":"https:\/\/goelette.ca\/?post_type=product&#038;p=105044"},"modified":"2024-09-26T10:57:48","modified_gmt":"2024-09-26T14:57:48","slug":"reinette","status":"publish","type":"product","link":"https:\/\/goelette.ca\/en\/tous-les-livres\/reinette\/","title":{"rendered":"Reinette"},"content":{"rendered":"<p>Fin des ann\u00e9es soixante. Une fillette manque \u00e0 l\u2019appel, et sa disparition secoue le petit village de Saint-Ir\u00e9n\u00e9e, dans Charlevoix. Vincent Rougeot, un marginal qui vit dans la rue, devient rapidement le principal suspect.<\/p>\n<p>\u00c0 d\u00e9faut de cadavre et de preuves, l\u2019homme est blanchi, mais les ragots se r\u00e9pandront comme une tra\u00een\u00e9e de poudre. Des ann\u00e9es plus tard, souhaitant obtenir l\u2019absolution, Vincent est d\u00e9termin\u00e9 \u00e0 d\u00e9couvrir la v\u00e9rit\u00e9, mais aussi les r\u00e9elles motivations des villageois, ainsi que leurs sombres secrets.<\/p>\n","protected":false},"excerpt":{"rendered":"<p>Fin des ann\u00e9es soixante. Une fillette manque \u00e0 l\u2019appel, et sa disparition secoue le petit village de Saint-Ir\u00e9n\u00e9e, dans Charlevoix. Vincent Rougeot, un marginal qui vit dans la rue, devient rapidement le principal suspect. \u00c0 d\u00e9faut de cadavre et de preuves, l\u2019homme est blanchi, mais les ragots se r\u00e9pandront comme une tra\u00een\u00e9e de poudre. Des [&hellip;]<\/p>\n","protected":false},"featured_media":105047,"template":"","meta":{"wds_primary_product_brand":0,"wds_primary_product_cat":0,"wds_primary_maison_dedition":0},"product_brand":[],"product_cat":[546,542],"product_tag":[],"maison_dedition":[630],"class_list":{"0":"post-105044","1":"product","2":"type-product","3":"status-publish","4":"has-post-thumbnail","6":"product_cat-policier-thriller","7":"product_cat-roman","8":"pa_auteur-beatrice-ruffie","9":"maison_dedition-les-editions-goelette","11":"first","12":"instock","13":"taxable","14":"shipping-taxable","15":"purchasable","16":"product-type-variable","17":"has-default-attributes"},"bundled_by":[],"bundle_stock_status":"instock","bundle_stock_quantity":null,"bundle_virtual":false,"bundle_layout":"","bundle_add_to_cart_form_location":"","bundle_editable_in_cart":false,"bundle_sold_individually_context":"","bundle_item_grouping":"","bundle_min_size":"","bundle_max_size":"","bundle_price":[],"bundled_items":[],"bundle_sell_ids":[],"acf":[],"_links":{"self":[{"href":"https:\/\/goelette.ca\/en\/wp-json\/wp\/v2\/product\/105044","targetHints":{"allow":["GET"]}}],"collection":[{"href":"https:\/\/goelette.ca\/en\/wp-json\/wp\/v2\/product"}],"about":[{"href":"https:\/\/goelette.ca\/en\/wp-json\/wp\/v2\/types\/product"}],"wp:featuredmedia":[{"embeddable":true,"href":"https:\/\/goelette.ca\/en\/wp-json\/wp\/v2\/media\/105047"}],"wp:attachment":[{"href":"https:\/\/goelette.ca\/en\/wp-json\/wp\/v2\/media?parent=105044"}],"wp:term":[{"taxonomy":"product_brand","embeddable":true,"href":"https:\/\/goelette.ca\/en\/wp-json\/wp\/v2\/product_brand?post=105044"},{"taxonomy":"product_cat","embeddable":true,"href":"https:\/\/goelette.ca\/en\/wp-json\/wp\/v2\/product_cat?post=105044"},{"taxonomy":"product_tag","embeddable":true,"href":"https:\/\/goelette.ca\/en\/wp-json\/wp\/v2\/product_tag?post=105044"},{"taxonomy":"maison_dedition","embeddable":true,"href":"https:\/\/goelette.ca\/en\/wp-json\/wp\/v2\/maison_dedition?post=105044"}],"curies":[{"name":"wp","href":"https:\/\/api.w.org\/{rel}","templated":true}]}}