{"id":10471,"date":"2017-06-14T01:00:00","date_gmt":"2021-10-04T18:37:11","guid":{"rendered":"https:\/\/www.goelette.ca\/produit\/mes-50-recettes-preferees\/"},"modified":"2025-07-31T15:38:28","modified_gmt":"2025-07-31T19:38:28","slug":"mes-50-recettes-preferees","status":"publish","type":"product","link":"https:\/\/goelette.ca\/en\/tous-les-livres\/mes-50-recettes-preferees\/","title":{"rendered":"Mes 50 recettes pr\u00e9f\u00e9r\u00e9es"},"content":{"rendered":"<p><span style=\"font-size: 14px;\">Avec des techniques simples et d\u00e9taill\u00e9es, Genevi\u00e8ve Everell vous invite dans son univers de sushis et de tartares. Allez-y, osez, ce n&#8217;est pas si compliqu\u00e9 !<\/span><\/p>\n<p><span style=\"font-size: 14px;\">Le fameux Cornicochon, le d\u00e9licieux maki crab cake, l&#8217;all\u00e9chant sushi dessert \u00e0 la tarte au sucre&#8230;vous voudrez tous les essayer ! De l&#8217;entr\u00e9e au dessert, tous les gourmands se r\u00e9galeront !<\/span><\/p>\n<p><span style=\"font-size: 14px;\">Retrouvez ici ses 50 recettes coup de coeur : les classiques qui ont fait sa renomm\u00e9e et des nouveaut\u00e9s.<\/span><\/p>\n<p><span style=\"font-size: 14px;\">Talentueuse et inventive, Genevi\u00e8ve Everell surprend et \u00e9tonne le Qu\u00e9bec tout entier depuis des ann\u00e9es avec ses cr\u00e9ations originales sign\u00e9es Sushi \u00e0 la maison. Entrepreneure d\u00e9bordante d&#8217;\u00e9nergie, elle partage sa passion de multiples fa\u00e7ons : service de traiteur \u00e0 domicile, ateliers de cuisine, conf\u00e9rences, produits originaux et livres de recettes.<\/span><\/p>\n","protected":false},"excerpt":{"rendered":"<p>Avec des techniques simples et d\u00e9taill\u00e9es, Genevi\u00e8ve Everell vous invite dans son univers de sushis et de tartares. Allez-y, osez, ce n&#8217;est pas si compliqu\u00e9 ! Le fameux Cornicochon, le d\u00e9licieux maki crab cake, l&#8217;all\u00e9chant sushi dessert \u00e0 la tarte au sucre&#8230;vous voudrez tous les essayer ! De l&#8217;entr\u00e9e au dessert, tous les gourmands se [&hellip;]<\/p>\n","protected":false},"featured_media":10469,"template":"","meta":{"wds_primary_product_brand":0,"wds_primary_product_cat":0,"wds_primary_maison_dedition":0},"product_brand":[],"product_cat":[550],"product_tag":[],"maison_dedition":[541],"class_list":{"0":"post-10471","1":"product","2":"type-product","3":"status-publish","4":"has-post-thumbnail","6":"product_cat-livres-de-cuisine","7":"pa_auteur-genevieve-everell","8":"maison_dedition-les-editions-coup-doeil","10":"first","11":"instock","12":"taxable","13":"shipping-taxable","14":"purchasable","15":"product-type-variable"},"bundled_by":[],"bundle_stock_status":"instock","bundle_stock_quantity":null,"bundle_virtual":false,"bundle_layout":"","bundle_add_to_cart_form_location":"","bundle_editable_in_cart":false,"bundle_sold_individually_context":"","bundle_item_grouping":"","bundle_min_size":"","bundle_max_size":"","bundle_price":[],"bundled_items":[],"bundle_sell_ids":[],"acf":[],"_links":{"self":[{"href":"https:\/\/goelette.ca\/en\/wp-json\/wp\/v2\/product\/10471","targetHints":{"allow":["GET"]}}],"collection":[{"href":"https:\/\/goelette.ca\/en\/wp-json\/wp\/v2\/product"}],"about":[{"href":"https:\/\/goelette.ca\/en\/wp-json\/wp\/v2\/types\/product"}],"wp:featuredmedia":[{"embeddable":true,"href":"https:\/\/goelette.ca\/en\/wp-json\/wp\/v2\/media\/10469"}],"wp:attachment":[{"href":"https:\/\/goelette.ca\/en\/wp-json\/wp\/v2\/media?parent=10471"}],"wp:term":[{"taxonomy":"product_brand","embeddable":true,"href":"https:\/\/goelette.ca\/en\/wp-json\/wp\/v2\/product_brand?post=10471"},{"taxonomy":"product_cat","embeddable":true,"href":"https:\/\/goelette.ca\/en\/wp-json\/wp\/v2\/product_cat?post=10471"},{"taxonomy":"product_tag","embeddable":true,"href":"https:\/\/goelette.ca\/en\/wp-json\/wp\/v2\/product_tag?post=10471"},{"taxonomy":"maison_dedition","embeddable":true,"href":"https:\/\/goelette.ca\/en\/wp-json\/wp\/v2\/maison_dedition?post=10471"}],"curies":[{"name":"wp","href":"https:\/\/api.w.org\/{rel}","templated":true}]}}