{"id":104467,"date":"2024-04-05T16:12:49","date_gmt":"2024-04-05T20:12:49","guid":{"rendered":"https:\/\/goelette.ca\/?post_type=product&#038;p=104467"},"modified":"2024-08-15T07:36:01","modified_gmt":"2024-08-15T11:36:01","slug":"quebec-ville-dhistoire-et-dart","status":"publish","type":"product","link":"https:\/\/goelette.ca\/en\/tous-les-livres\/quebec-ville-dhistoire-et-dart\/","title":{"rendered":"Qu\u00e9bec, ville d&#8217;histoire et de nature"},"content":{"rendered":"<p>La ville de Qu\u00e9bec est connue dans le monde entier pour son charme, son histoire et son art de vivre. Ses vestiges du pass\u00e9, sa proximit\u00e9 avec la nature, son site g\u00e9ographique exceptionnel, ses restaurants, ainsi que son effervescence culturelle sont mis en lumi\u00e8re dans ce superbe ouvrage. Il refl\u00e8te bien toute la richesse et la beaut\u00e9 de cette ville qu\u2019on prend plaisir \u00e0 d\u00e9couvrir ou \u00e0 red\u00e9couvrir.<\/p>\n","protected":false},"excerpt":{"rendered":"<p>La ville de Qu\u00e9bec est connue dans le monde entier pour son charme, son histoire et son art de vivre. Ses vestiges du pass\u00e9, sa proximit\u00e9 avec la nature, son site g\u00e9ographique exceptionnel, ses restaurants, ainsi que son effervescence culturelle sont mis en lumi\u00e8re dans ce superbe ouvrage. Il refl\u00e8te bien toute la richesse et [&hellip;]<\/p>\n","protected":false},"featured_media":104474,"template":"","meta":{"wds_primary_product_brand":0,"wds_primary_product_cat":0,"wds_primary_maison_dedition":0},"product_brand":[],"product_cat":[837,557],"product_tag":[],"maison_dedition":[630],"class_list":{"0":"post-104467","1":"product","2":"type-product","3":"status-publish","4":"has-post-thumbnail","6":"product_cat-photographie","7":"product_cat-pratique","8":"pa_auteur-anne-richard","9":"maison_dedition-les-editions-goelette","11":"first","12":"instock","13":"taxable","14":"shipping-taxable","15":"purchasable","16":"product-type-variable"},"bundled_by":[],"bundle_stock_status":"instock","bundle_stock_quantity":null,"bundle_virtual":false,"bundle_layout":"","bundle_add_to_cart_form_location":"","bundle_editable_in_cart":false,"bundle_sold_individually_context":"","bundle_item_grouping":"","bundle_min_size":"","bundle_max_size":"","bundle_price":[],"bundled_items":[],"bundle_sell_ids":[],"acf":[],"_links":{"self":[{"href":"https:\/\/goelette.ca\/en\/wp-json\/wp\/v2\/product\/104467","targetHints":{"allow":["GET"]}}],"collection":[{"href":"https:\/\/goelette.ca\/en\/wp-json\/wp\/v2\/product"}],"about":[{"href":"https:\/\/goelette.ca\/en\/wp-json\/wp\/v2\/types\/product"}],"wp:featuredmedia":[{"embeddable":true,"href":"https:\/\/goelette.ca\/en\/wp-json\/wp\/v2\/media\/104474"}],"wp:attachment":[{"href":"https:\/\/goelette.ca\/en\/wp-json\/wp\/v2\/media?parent=104467"}],"wp:term":[{"taxonomy":"product_brand","embeddable":true,"href":"https:\/\/goelette.ca\/en\/wp-json\/wp\/v2\/product_brand?post=104467"},{"taxonomy":"product_cat","embeddable":true,"href":"https:\/\/goelette.ca\/en\/wp-json\/wp\/v2\/product_cat?post=104467"},{"taxonomy":"product_tag","embeddable":true,"href":"https:\/\/goelette.ca\/en\/wp-json\/wp\/v2\/product_tag?post=104467"},{"taxonomy":"maison_dedition","embeddable":true,"href":"https:\/\/goelette.ca\/en\/wp-json\/wp\/v2\/maison_dedition?post=104467"}],"curies":[{"name":"wp","href":"https:\/\/api.w.org\/{rel}","templated":true}]}}