{"id":104425,"date":"2024-04-05T14:00:52","date_gmt":"2024-04-05T18:00:52","guid":{"rendered":"https:\/\/goelette.ca\/?post_type=product&#038;p=104425"},"modified":"2024-04-05T14:19:56","modified_gmt":"2024-04-05T18:19:56","slug":"des-jeux-et-des-jeux-nombres-entrecroises","status":"publish","type":"product","link":"https:\/\/goelette.ca\/en\/tous-les-livres\/des-jeux-et-des-jeux-nombres-entrecroises\/","title":{"rendered":"Des jeux et des jeux &#8211; Nombres entrecrois\u00e9s"},"content":{"rendered":"<p>260 GRILLES ET SOLUTIONS<\/p>\n<p>Avec les nombres entrecrois\u00e9s, profitez d&#8217;un agr\u00e9able moment de d\u00e9tente tout en mettant vos capacit\u00e9s de d\u00e9duction au d\u00e9fi.<\/p>\n<p><em>La collection <strong>Des jeux et des jeux<\/strong> vous propose des jeux de lettres, de chiffres classiques tout en gardant une place pour la d\u00e9couverte de nouveaux jeux, de quoi faire le bonheur de tous les amateurs de jeux.\u00a0<\/em><\/p>\n","protected":false},"excerpt":{"rendered":"<p>260 GRILLES ET SOLUTIONS Avec les nombres entrecrois\u00e9s, profitez d&#8217;un agr\u00e9able moment de d\u00e9tente tout en mettant vos capacit\u00e9s de d\u00e9duction au d\u00e9fi. La collection Des jeux et des jeux vous propose des jeux de lettres, de chiffres classiques tout en gardant une place pour la d\u00e9couverte de nouveaux jeux, de quoi faire le bonheur [&hellip;]<\/p>\n","protected":false},"featured_media":104430,"template":"","meta":{"wds_primary_product_brand":0,"wds_primary_product_cat":0,"wds_primary_maison_dedition":0},"product_brand":[],"product_cat":[567,566],"product_tag":[],"maison_dedition":[648,630],"class_list":{"0":"post-104425","1":"product","2":"type-product","3":"status-publish","4":"has-post-thumbnail","6":"product_cat-adulte","7":"product_cat-livres-de-jeux","8":"pa_auteur-collectif","9":"maison_dedition-des-jeux-et-des-jeux","10":"maison_dedition-les-editions-goelette","12":"first","13":"instock","14":"taxable","15":"shipping-taxable","16":"purchasable","17":"product-type-variable"},"bundled_by":[],"bundle_stock_status":"instock","bundle_stock_quantity":null,"bundle_virtual":false,"bundle_layout":"","bundle_add_to_cart_form_location":"","bundle_editable_in_cart":false,"bundle_sold_individually_context":"","bundle_item_grouping":"","bundle_min_size":"","bundle_max_size":"","bundle_price":[],"bundled_items":[],"bundle_sell_ids":[],"acf":[],"_links":{"self":[{"href":"https:\/\/goelette.ca\/en\/wp-json\/wp\/v2\/product\/104425","targetHints":{"allow":["GET"]}}],"collection":[{"href":"https:\/\/goelette.ca\/en\/wp-json\/wp\/v2\/product"}],"about":[{"href":"https:\/\/goelette.ca\/en\/wp-json\/wp\/v2\/types\/product"}],"wp:featuredmedia":[{"embeddable":true,"href":"https:\/\/goelette.ca\/en\/wp-json\/wp\/v2\/media\/104430"}],"wp:attachment":[{"href":"https:\/\/goelette.ca\/en\/wp-json\/wp\/v2\/media?parent=104425"}],"wp:term":[{"taxonomy":"product_brand","embeddable":true,"href":"https:\/\/goelette.ca\/en\/wp-json\/wp\/v2\/product_brand?post=104425"},{"taxonomy":"product_cat","embeddable":true,"href":"https:\/\/goelette.ca\/en\/wp-json\/wp\/v2\/product_cat?post=104425"},{"taxonomy":"product_tag","embeddable":true,"href":"https:\/\/goelette.ca\/en\/wp-json\/wp\/v2\/product_tag?post=104425"},{"taxonomy":"maison_dedition","embeddable":true,"href":"https:\/\/goelette.ca\/en\/wp-json\/wp\/v2\/maison_dedition?post=104425"}],"curies":[{"name":"wp","href":"https:\/\/api.w.org\/{rel}","templated":true}]}}