{"id":104257,"date":"2024-04-05T09:35:12","date_gmt":"2024-04-05T13:35:12","guid":{"rendered":"https:\/\/goelette.ca\/?post_type=product&#038;p=104257"},"modified":"2025-06-25T12:35:03","modified_gmt":"2025-06-25T16:35:03","slug":"japprends-a-decouper","status":"publish","type":"product","link":"https:\/\/goelette.ca\/en\/tous-les-livres\/japprends-a-decouper\/","title":{"rendered":"J&#8217;apprends \u00e0 d\u00e9couper"},"content":{"rendered":"<p>Viens faire la rencontre de <em><strong>Ciz<\/strong><\/em>, une adorable paire de ciseaux qui t&#8217;apprendra \u00e0 manier cet outil formidable !<\/p>\n<p>Entra\u00eene-toi d&#8217;abord en d\u00e9coupant des lignes et des formes de base, puis passe aux choses s\u00e9rieuses avec plusieurs activit\u00e9s amusantes o\u00f9 se m\u00e9langent d\u00e9coupage, coloriage et bricolage.<\/p>\n<p>Sois \u00e0 l&#8217;aff\u00fbt des \u00ab Astuces de Ciz \u00bb, qui te guideront dans tes activit\u00e9s. Et n&#8217;oublie pas les consignes de s\u00e9curit\u00e9 quand tu manies les ciseaux !<\/p>\n<p>Accompagnez votre enfant dans son apprentissage du d\u00e9coupage. En plus de lui offrir un outil pour exprimer sa cr\u00e9ativit\u00e9, ce livre contribuera au d\u00e9veloppement de sa motricit\u00e9 fine et de sa coordination oeil-main, des habilet\u00e9s essentielles tout au long de son parcours scolaire.<\/p>\n<ul>\n<li>3 niveaux de difficult\u00e9<\/li>\n<li>Pages d\u00e9tachables<\/li>\n<li>Plus de 45 activit\u00e9s amusantes !<\/li>\n<\/ul>\n","protected":false},"excerpt":{"rendered":"<p>Viens faire la rencontre de Ciz, une adorable paire de ciseaux qui t&#8217;apprendra \u00e0 manier cet outil formidable ! Entra\u00eene-toi d&#8217;abord en d\u00e9coupant des lignes et des formes de base, puis passe aux choses s\u00e9rieuses avec plusieurs activit\u00e9s amusantes o\u00f9 se m\u00e9langent d\u00e9coupage, coloriage et bricolage. Sois \u00e0 l&#8217;aff\u00fbt des \u00ab Astuces de Ciz \u00bb, [&hellip;]<\/p>\n","protected":false},"featured_media":255843,"template":"","meta":{"wds_primary_product_brand":0,"wds_primary_product_cat":0,"wds_primary_maison_dedition":0},"product_brand":[],"product_cat":[551,538],"product_tag":[],"maison_dedition":[630],"class_list":{"0":"post-104257","1":"product","2":"type-product","3":"status-publish","4":"has-post-thumbnail","6":"product_cat-activites","7":"product_cat-jeunesse","8":"pa_auteur-melanie-grenier","9":"maison_dedition-les-editions-goelette","11":"first","12":"instock","13":"taxable","14":"shipping-taxable","15":"purchasable","16":"product-type-variable"},"bundled_by":[],"bundle_stock_status":"instock","bundle_stock_quantity":null,"bundle_virtual":false,"bundle_layout":"","bundle_add_to_cart_form_location":"","bundle_editable_in_cart":false,"bundle_sold_individually_context":"","bundle_item_grouping":"","bundle_min_size":"","bundle_max_size":"","bundle_price":[],"bundled_items":[],"bundle_sell_ids":[],"acf":[],"_links":{"self":[{"href":"https:\/\/goelette.ca\/en\/wp-json\/wp\/v2\/product\/104257","targetHints":{"allow":["GET"]}}],"collection":[{"href":"https:\/\/goelette.ca\/en\/wp-json\/wp\/v2\/product"}],"about":[{"href":"https:\/\/goelette.ca\/en\/wp-json\/wp\/v2\/types\/product"}],"wp:featuredmedia":[{"embeddable":true,"href":"https:\/\/goelette.ca\/en\/wp-json\/wp\/v2\/media\/255843"}],"wp:attachment":[{"href":"https:\/\/goelette.ca\/en\/wp-json\/wp\/v2\/media?parent=104257"}],"wp:term":[{"taxonomy":"product_brand","embeddable":true,"href":"https:\/\/goelette.ca\/en\/wp-json\/wp\/v2\/product_brand?post=104257"},{"taxonomy":"product_cat","embeddable":true,"href":"https:\/\/goelette.ca\/en\/wp-json\/wp\/v2\/product_cat?post=104257"},{"taxonomy":"product_tag","embeddable":true,"href":"https:\/\/goelette.ca\/en\/wp-json\/wp\/v2\/product_tag?post=104257"},{"taxonomy":"maison_dedition","embeddable":true,"href":"https:\/\/goelette.ca\/en\/wp-json\/wp\/v2\/maison_dedition?post=104257"}],"curies":[{"name":"wp","href":"https:\/\/api.w.org\/{rel}","templated":true}]}}