{"id":10396,"date":"2017-01-31T01:00:00","date_gmt":"2021-10-04T18:35:52","guid":{"rendered":"https:\/\/www.goelette.ca\/produit\/je-suis-la\/"},"modified":"2021-12-03T18:16:15","modified_gmt":"2021-12-03T17:16:15","slug":"je-suis-la","status":"publish","type":"product","link":"https:\/\/goelette.ca\/en\/tous-les-livres\/je-suis-la\/","title":{"rendered":"Je suis l\u00e0 !"},"content":{"rendered":"<p><span style=\"font-size: 14px;\">Les premi\u00e8res ann\u00e9es de vie de votre enfant sont source de pr\u00e9cieux instants \u00e0 garder en m\u00e9moire. De la grossesse \u00e0 son deuxi\u00e8me anniversaire, conservez tous vos souvenirs dans cet album color\u00e9 ! Notez les \u00e9tapes marquantes de son d\u00e9veloppement et agr\u00e9mentez le tout de photos pour revivre ces moments magiques chaque fois que vous feuilleterez votre album.<\/span><\/p>\n<p><span style=\"font-size: 14px;\">Un livre \u00e0 remplir et \u00e0 ch\u00e9rir !<\/span><\/p>\n","protected":false},"excerpt":{"rendered":"<p>Les premi\u00e8res ann\u00e9es de vie de votre enfant sont source de pr\u00e9cieux instants \u00e0 garder en m\u00e9moire. De la grossesse \u00e0 son deuxi\u00e8me anniversaire, conservez tous vos souvenirs dans cet album color\u00e9 ! Notez les \u00e9tapes marquantes de son d\u00e9veloppement et agr\u00e9mentez le tout de photos pour revivre ces moments magiques chaque fois que vous [&hellip;]<\/p>\n","protected":false},"featured_media":10394,"template":"","meta":{"wds_primary_product_brand":0,"wds_primary_product_cat":0,"wds_primary_maison_dedition":0},"product_brand":[],"product_cat":[580,557],"product_tag":[],"maison_dedition":[541],"class_list":{"0":"post-10396","1":"product","2":"type-product","3":"status-publish","4":"has-post-thumbnail","6":"product_cat-maternite","7":"product_cat-pratique","8":"pa_auteur-collectif","9":"maison_dedition-les-editions-coup-doeil","11":"first","12":"instock","13":"taxable","14":"shipping-taxable","15":"purchasable","16":"product-type-variable"},"bundled_by":[],"bundle_stock_status":"instock","bundle_stock_quantity":null,"bundle_virtual":false,"bundle_layout":"","bundle_add_to_cart_form_location":"","bundle_editable_in_cart":false,"bundle_sold_individually_context":"","bundle_item_grouping":"","bundle_min_size":"","bundle_max_size":"","bundle_price":[],"bundled_items":[],"bundle_sell_ids":[],"acf":[],"_links":{"self":[{"href":"https:\/\/goelette.ca\/en\/wp-json\/wp\/v2\/product\/10396","targetHints":{"allow":["GET"]}}],"collection":[{"href":"https:\/\/goelette.ca\/en\/wp-json\/wp\/v2\/product"}],"about":[{"href":"https:\/\/goelette.ca\/en\/wp-json\/wp\/v2\/types\/product"}],"wp:featuredmedia":[{"embeddable":true,"href":"https:\/\/goelette.ca\/en\/wp-json\/wp\/v2\/media\/10394"}],"wp:attachment":[{"href":"https:\/\/goelette.ca\/en\/wp-json\/wp\/v2\/media?parent=10396"}],"wp:term":[{"taxonomy":"product_brand","embeddable":true,"href":"https:\/\/goelette.ca\/en\/wp-json\/wp\/v2\/product_brand?post=10396"},{"taxonomy":"product_cat","embeddable":true,"href":"https:\/\/goelette.ca\/en\/wp-json\/wp\/v2\/product_cat?post=10396"},{"taxonomy":"product_tag","embeddable":true,"href":"https:\/\/goelette.ca\/en\/wp-json\/wp\/v2\/product_tag?post=10396"},{"taxonomy":"maison_dedition","embeddable":true,"href":"https:\/\/goelette.ca\/en\/wp-json\/wp\/v2\/maison_dedition?post=10396"}],"curies":[{"name":"wp","href":"https:\/\/api.w.org\/{rel}","templated":true}]}}