{"id":10186,"date":"2016-08-03T01:00:00","date_gmt":"2021-10-04T18:32:06","guid":{"rendered":"https:\/\/www.goelette.ca\/produit\/cupcakes-macarons\/"},"modified":"2022-02-18T16:14:36","modified_gmt":"2022-02-18T21:14:36","slug":"cupcakes-macarons","status":"publish","type":"product","link":"https:\/\/goelette.ca\/en\/tous-les-livres\/cupcakes-macarons\/","title":{"rendered":"Cupcakes &#038; macarons"},"content":{"rendered":"<p><strong><span style=\"font-size: 14px;\">Ils sont beaux, ils sont bons, ils nous font saliver&#8230;<\/span><\/strong><\/p>\n<p><span style=\"font-size: 14px;\">Les cupcakes et les macarons sont des d\u00e9lices que l&#8217;on d\u00e9guste toujours avec beaucoup de plaisir !<\/span><\/p>\n<p><span style=\"font-size: 14px;\">Ces 76 recettes toutes aussi color\u00e9es et app\u00e9tissantes les unes que les autres vous \u00e9tonneront par leurs saveurs et leur simplicit\u00e9. Devenez chef p\u00e2tissier pour le bonheur de vos proches (ou votre gourmandise!) en cuisinant ces suprenantes sucreries aux fruits, au chocolat ou au caramel, chaque parfum \u00e9tant d\u00e9clin\u00e9 pour les uns (surprenants cupcakes), puis pour les autres (exquis macarons).<\/span><\/p>\n<p><span style=\"font-size: 14px;\">Enfilez votre tablier, choisissez la recette qui vous fait de l&#8217;oeil et r\u00e9galez-vous !<\/span><\/p>\n","protected":false},"excerpt":{"rendered":"<p>Ils sont beaux, ils sont bons, ils nous font saliver&#8230; Les cupcakes et les macarons sont des d\u00e9lices que l&#8217;on d\u00e9guste toujours avec beaucoup de plaisir ! Ces 76 recettes toutes aussi color\u00e9es et app\u00e9tissantes les unes que les autres vous \u00e9tonneront par leurs saveurs et leur simplicit\u00e9. Devenez chef p\u00e2tissier pour le bonheur de [&hellip;]<\/p>\n","protected":false},"featured_media":10184,"template":"","meta":{"wds_primary_product_brand":0,"wds_primary_product_cat":0,"wds_primary_maison_dedition":0},"product_brand":[],"product_cat":[550],"product_tag":[],"maison_dedition":[541],"class_list":{"0":"post-10186","1":"product","2":"type-product","3":"status-publish","4":"has-post-thumbnail","6":"product_cat-livres-de-cuisine","7":"pa_auteur-collectif","8":"maison_dedition-les-editions-coup-doeil","10":"first","11":"instock","12":"taxable","13":"shipping-taxable","14":"purchasable","15":"product-type-variable"},"bundled_by":[],"bundle_stock_status":"instock","bundle_stock_quantity":null,"bundle_virtual":false,"bundle_layout":"","bundle_add_to_cart_form_location":"","bundle_editable_in_cart":false,"bundle_sold_individually_context":"","bundle_item_grouping":"","bundle_min_size":"","bundle_max_size":"","bundle_price":[],"bundled_items":[],"bundle_sell_ids":[],"acf":[],"_links":{"self":[{"href":"https:\/\/goelette.ca\/en\/wp-json\/wp\/v2\/product\/10186","targetHints":{"allow":["GET"]}}],"collection":[{"href":"https:\/\/goelette.ca\/en\/wp-json\/wp\/v2\/product"}],"about":[{"href":"https:\/\/goelette.ca\/en\/wp-json\/wp\/v2\/types\/product"}],"wp:featuredmedia":[{"embeddable":true,"href":"https:\/\/goelette.ca\/en\/wp-json\/wp\/v2\/media\/10184"}],"wp:attachment":[{"href":"https:\/\/goelette.ca\/en\/wp-json\/wp\/v2\/media?parent=10186"}],"wp:term":[{"taxonomy":"product_brand","embeddable":true,"href":"https:\/\/goelette.ca\/en\/wp-json\/wp\/v2\/product_brand?post=10186"},{"taxonomy":"product_cat","embeddable":true,"href":"https:\/\/goelette.ca\/en\/wp-json\/wp\/v2\/product_cat?post=10186"},{"taxonomy":"product_tag","embeddable":true,"href":"https:\/\/goelette.ca\/en\/wp-json\/wp\/v2\/product_tag?post=10186"},{"taxonomy":"maison_dedition","embeddable":true,"href":"https:\/\/goelette.ca\/en\/wp-json\/wp\/v2\/maison_dedition?post=10186"}],"curies":[{"name":"wp","href":"https:\/\/api.w.org\/{rel}","templated":true}]}}