{"id":10159,"date":"2016-09-08T01:00:00","date_gmt":"2021-10-04T18:31:33","guid":{"rendered":"https:\/\/www.goelette.ca\/produit\/la-cuisine-des-petits-gourmands\/"},"modified":"2023-10-20T14:37:39","modified_gmt":"2023-10-20T18:37:39","slug":"la-cuisine-des-petits-gourmands","status":"publish","type":"product","link":"https:\/\/goelette.ca\/en\/tous-les-livres\/la-cuisine-des-petits-gourmands\/","title":{"rendered":"La cuisine des petits gourmands"},"content":{"rendered":"<p><span style=\"font-size: 14px;\">Des biscuits bananalicieux, une salade irriztible, des sandwichs rigolos et m\u00eame des surprises au chocolat: avec ce livre, tu apprendras \u00e0 pr\u00e9parer 25 plats et collations qui sauront plaire \u00e0 tous tes amis et \u00e0 ta famille.<\/span><\/p>\n<p><span style=\"font-size: 14px;\">C&#8217;est simple ! D\u00e9couvre les outils et les techniques de base en cuisine. Lis les conseils de s\u00e9curit\u00e9 pour devenir un parfait cuisinier, puis essaie les recettes qui te plaisent. Tu deviendras un jeune chef en un rien de temps !<\/span><\/p>\n","protected":false},"excerpt":{"rendered":"<p>Des biscuits bananalicieux, une salade irriztible, des sandwichs rigolos et m\u00eame des surprises au chocolat: avec ce livre, tu apprendras \u00e0 pr\u00e9parer 25 plats et collations qui sauront plaire \u00e0 tous tes amis et \u00e0 ta famille. C&#8217;est simple ! D\u00e9couvre les outils et les techniques de base en cuisine. Lis les conseils de s\u00e9curit\u00e9 [&hellip;]<\/p>\n","protected":false},"featured_media":10157,"template":"","meta":{"wds_primary_product_brand":0,"wds_primary_product_cat":0,"wds_primary_maison_dedition":0},"product_brand":[],"product_cat":[577,538],"product_tag":[],"maison_dedition":[541],"class_list":{"0":"post-10159","1":"product","2":"type-product","3":"status-publish","4":"has-post-thumbnail","6":"product_cat-cuisine","7":"product_cat-jeunesse","8":"pa_auteur-collectif","9":"maison_dedition-les-editions-coup-doeil","11":"first","12":"instock","13":"taxable","14":"shipping-taxable","15":"purchasable","16":"product-type-variable"},"bundled_by":[],"bundle_stock_status":"instock","bundle_stock_quantity":null,"bundle_virtual":false,"bundle_layout":"","bundle_add_to_cart_form_location":"","bundle_editable_in_cart":false,"bundle_sold_individually_context":"","bundle_item_grouping":"","bundle_min_size":"","bundle_max_size":"","bundle_price":[],"bundled_items":[],"bundle_sell_ids":[],"acf":[],"_links":{"self":[{"href":"https:\/\/goelette.ca\/en\/wp-json\/wp\/v2\/product\/10159","targetHints":{"allow":["GET"]}}],"collection":[{"href":"https:\/\/goelette.ca\/en\/wp-json\/wp\/v2\/product"}],"about":[{"href":"https:\/\/goelette.ca\/en\/wp-json\/wp\/v2\/types\/product"}],"wp:featuredmedia":[{"embeddable":true,"href":"https:\/\/goelette.ca\/en\/wp-json\/wp\/v2\/media\/10157"}],"wp:attachment":[{"href":"https:\/\/goelette.ca\/en\/wp-json\/wp\/v2\/media?parent=10159"}],"wp:term":[{"taxonomy":"product_brand","embeddable":true,"href":"https:\/\/goelette.ca\/en\/wp-json\/wp\/v2\/product_brand?post=10159"},{"taxonomy":"product_cat","embeddable":true,"href":"https:\/\/goelette.ca\/en\/wp-json\/wp\/v2\/product_cat?post=10159"},{"taxonomy":"product_tag","embeddable":true,"href":"https:\/\/goelette.ca\/en\/wp-json\/wp\/v2\/product_tag?post=10159"},{"taxonomy":"maison_dedition","embeddable":true,"href":"https:\/\/goelette.ca\/en\/wp-json\/wp\/v2\/maison_dedition?post=10159"}],"curies":[{"name":"wp","href":"https:\/\/api.w.org\/{rel}","templated":true}]}}