{"id":100747,"date":"2024-03-29T10:35:38","date_gmt":"2024-03-29T14:35:38","guid":{"rendered":"https:\/\/goelette.ca\/?post_type=product&#038;p=100747"},"modified":"2024-03-29T10:40:02","modified_gmt":"2024-03-29T14:40:02","slug":"origami-pour-adultes-bloc-atelier","status":"publish","type":"product","link":"https:\/\/goelette.ca\/en\/tous-les-livres\/origami-pour-adultes-bloc-atelier\/","title":{"rendered":"Origami pour adultes &#8211; Bloc atelier"},"content":{"rendered":"<p>Initiez-vous \u00e0 l\u2019origami avec ce bloc-atelier sp\u00e9cialement con\u00e7u pour tes cr\u00e9ations. D\u00e9couvrez d\u2019abord les origines de cet art, le mat\u00e9riel n\u00e9cessaire et les plis et techniques de base.<\/p>\n<p>Faites vos premiers pliages \u00e0 l&#8217;aide des 15 mod\u00e8les expliqu\u00e9s pas \u00e0 pas avec des illustrations.<\/p>\n<p>Choisissez parmi les 200 pages d\u00e9tachables avec motifs ou unies celles qui vous inspirent le plus.<\/p>\n<p>&nbsp;<\/p>\n","protected":false},"excerpt":{"rendered":"<p>Initiez-vous \u00e0 l\u2019origami avec ce bloc-atelier sp\u00e9cialement con\u00e7u pour tes cr\u00e9ations. D\u00e9couvrez d\u2019abord les origines de cet art, le mat\u00e9riel n\u00e9cessaire et les plis et techniques de base. Faites vos premiers pliages \u00e0 l&#8217;aide des 15 mod\u00e8les expliqu\u00e9s pas \u00e0 pas avec des illustrations. Choisissez parmi les 200 pages d\u00e9tachables avec motifs ou unies celles [&hellip;]<\/p>\n","protected":false},"featured_media":100749,"template":"","meta":{"wds_primary_product_brand":0,"wds_primary_product_cat":0,"wds_primary_maison_dedition":0},"product_brand":[],"product_cat":[836],"product_tag":[],"maison_dedition":[630],"class_list":{"0":"post-100747","1":"product","2":"type-product","3":"status-publish","4":"has-post-thumbnail","6":"product_cat-origami-livres-de-jeux","7":"pa_auteur-collectif","8":"maison_dedition-les-editions-goelette","10":"first","11":"instock","12":"taxable","13":"shipping-taxable","14":"purchasable","15":"product-type-variable"},"bundled_by":[],"bundle_stock_status":"instock","bundle_stock_quantity":null,"bundle_virtual":false,"bundle_layout":"","bundle_add_to_cart_form_location":"","bundle_editable_in_cart":false,"bundle_sold_individually_context":"","bundle_item_grouping":"","bundle_min_size":"","bundle_max_size":"","bundle_price":[],"bundled_items":[],"bundle_sell_ids":[],"acf":[],"_links":{"self":[{"href":"https:\/\/goelette.ca\/en\/wp-json\/wp\/v2\/product\/100747","targetHints":{"allow":["GET"]}}],"collection":[{"href":"https:\/\/goelette.ca\/en\/wp-json\/wp\/v2\/product"}],"about":[{"href":"https:\/\/goelette.ca\/en\/wp-json\/wp\/v2\/types\/product"}],"wp:featuredmedia":[{"embeddable":true,"href":"https:\/\/goelette.ca\/en\/wp-json\/wp\/v2\/media\/100749"}],"wp:attachment":[{"href":"https:\/\/goelette.ca\/en\/wp-json\/wp\/v2\/media?parent=100747"}],"wp:term":[{"taxonomy":"product_brand","embeddable":true,"href":"https:\/\/goelette.ca\/en\/wp-json\/wp\/v2\/product_brand?post=100747"},{"taxonomy":"product_cat","embeddable":true,"href":"https:\/\/goelette.ca\/en\/wp-json\/wp\/v2\/product_cat?post=100747"},{"taxonomy":"product_tag","embeddable":true,"href":"https:\/\/goelette.ca\/en\/wp-json\/wp\/v2\/product_tag?post=100747"},{"taxonomy":"maison_dedition","embeddable":true,"href":"https:\/\/goelette.ca\/en\/wp-json\/wp\/v2\/maison_dedition?post=100747"}],"curies":[{"name":"wp","href":"https:\/\/api.w.org\/{rel}","templated":true}]}}