{"id":100721,"date":"2024-03-29T08:44:15","date_gmt":"2024-03-29T12:44:15","guid":{"rendered":"https:\/\/goelette.ca\/?post_type=product&#038;p=100721"},"modified":"2024-04-05T09:31:36","modified_gmt":"2024-04-05T13:31:36","slug":"origami-pour-enfants-bloc-atelier","status":"publish","type":"product","link":"https:\/\/goelette.ca\/en\/tous-les-livres\/origami-pour-enfants-bloc-atelier\/","title":{"rendered":"Origami pour enfants &#8211; Bloc atelier"},"content":{"rendered":"<p>D\u00e9couvre l\u2019origami avec ce bloc-atelier sp\u00e9cialement con\u00e7u pour tes cr\u00e9ations. Apprends d\u2019abord l\u2019origine de cet art, le mat\u00e9riel n\u00e9cessaire, puis les plis et techniques de base.<\/p>\n<p>Fais ton choix entre les 15 mod\u00e8les simples expliqu\u00e9s pas \u00e0 pas avec des illustrations. S\u00e9lectionne ensuite parmi les 200 pages color\u00e9es celles qui t\u2019inspirent le plus pour chaque pliage.<\/p>\n<p>Quelle sera ta premi\u00e8re confection ?<\/p>\n<ul>\n<li>200 pages \u00e0 plier d\u00e9tachables<\/li>\n<li>Plus de 150 autocollants pour d\u00e9corer tes oeuvres<\/li>\n<\/ul>\n","protected":false},"excerpt":{"rendered":"<p>D\u00e9couvre l\u2019origami avec ce bloc-atelier sp\u00e9cialement con\u00e7u pour tes cr\u00e9ations. Apprends d\u2019abord l\u2019origine de cet art, le mat\u00e9riel n\u00e9cessaire, puis les plis et techniques de base. Fais ton choix entre les 15 mod\u00e8les simples expliqu\u00e9s pas \u00e0 pas avec des illustrations. S\u00e9lectionne ensuite parmi les 200 pages color\u00e9es celles qui t\u2019inspirent le plus pour chaque [&hellip;]<\/p>\n","protected":false},"featured_media":100745,"template":"","meta":{"wds_primary_product_brand":0,"wds_primary_product_cat":0,"wds_primary_maison_dedition":0},"product_brand":[],"product_cat":[538,835],"product_tag":[],"maison_dedition":[630],"class_list":{"0":"post-100721","1":"product","2":"type-product","3":"status-publish","4":"has-post-thumbnail","6":"product_cat-jeunesse","7":"product_cat-origami","8":"pa_auteur-collectif","9":"maison_dedition-les-editions-goelette","11":"first","12":"instock","13":"taxable","14":"shipping-taxable","15":"purchasable","16":"product-type-variable"},"bundled_by":[],"bundle_stock_status":"instock","bundle_stock_quantity":null,"bundle_virtual":false,"bundle_layout":"","bundle_add_to_cart_form_location":"","bundle_editable_in_cart":false,"bundle_sold_individually_context":"","bundle_item_grouping":"","bundle_min_size":"","bundle_max_size":"","bundle_price":[],"bundled_items":[],"bundle_sell_ids":[],"acf":[],"_links":{"self":[{"href":"https:\/\/goelette.ca\/en\/wp-json\/wp\/v2\/product\/100721","targetHints":{"allow":["GET"]}}],"collection":[{"href":"https:\/\/goelette.ca\/en\/wp-json\/wp\/v2\/product"}],"about":[{"href":"https:\/\/goelette.ca\/en\/wp-json\/wp\/v2\/types\/product"}],"wp:featuredmedia":[{"embeddable":true,"href":"https:\/\/goelette.ca\/en\/wp-json\/wp\/v2\/media\/100745"}],"wp:attachment":[{"href":"https:\/\/goelette.ca\/en\/wp-json\/wp\/v2\/media?parent=100721"}],"wp:term":[{"taxonomy":"product_brand","embeddable":true,"href":"https:\/\/goelette.ca\/en\/wp-json\/wp\/v2\/product_brand?post=100721"},{"taxonomy":"product_cat","embeddable":true,"href":"https:\/\/goelette.ca\/en\/wp-json\/wp\/v2\/product_cat?post=100721"},{"taxonomy":"product_tag","embeddable":true,"href":"https:\/\/goelette.ca\/en\/wp-json\/wp\/v2\/product_tag?post=100721"},{"taxonomy":"maison_dedition","embeddable":true,"href":"https:\/\/goelette.ca\/en\/wp-json\/wp\/v2\/maison_dedition?post=100721"}],"curies":[{"name":"wp","href":"https:\/\/api.w.org\/{rel}","templated":true}]}}