{"id":10048,"date":"2016-02-10T01:00:00","date_gmt":"2021-10-04T18:30:00","guid":{"rendered":"https:\/\/www.goelette.ca\/produit\/le-chateau-de-beauharnois-tome-1\/"},"modified":"2022-02-18T16:14:33","modified_gmt":"2022-02-18T21:14:33","slug":"le-chateau-de-beauharnois-tome-1","status":"publish","type":"product","link":"https:\/\/goelette.ca\/en\/tous-les-livres\/le-chateau-de-beauharnois-tome-1\/","title":{"rendered":"Le ch\u00e2teau de Beauharnois tome 1"},"content":{"rendered":"<p><span style=\"font-size: 14px;\">En l&#8217;an 1838, la r\u00e9bellion des Patriotes bat son plein, et le village de Beauharnois est au coeur du conflit arm\u00e9. La col\u00e8re gronde entre les habitants, Canadiens fran\u00e7ais et Canadiens anglais. Les voisins d&#8217;hier sont les ennemis d&#8217;aujourd&#8217;hui.<\/span><\/p>\n<p><span style=\"font-size: 14px;\">Pourtant, malgr\u00e9 leurs diff\u00e9rences et le climat de m\u00e9fiance qui les entoure, Jacques Pitre et Caroline Brown sont fous d&#8217;amour l&#8217;un pour l&#8217;autre. Lui, francophone, et elle, anglophone, ils devront surmonter les d\u00e9saccords et se battre, tels Rom\u00e9o et Juliette, pour faire accepter leur couple \u00e0 leur entourage.<\/span><\/p>\n<p><span style=\"font-size: 14px;\">Dans ce premier tome qui relate le r\u00e9cit romanc\u00e9 des anc\u00eatres de sa femme, Yvon Thibault se fait le juste conteur d&#8217;une \u00e9poque troubl\u00e9e, d&#8217;une p\u00e9riode de notre histoire o\u00f9 les sentiments des uns sont voil\u00e9s par la haines des autres.<\/span><\/p>\n","protected":false},"excerpt":{"rendered":"<p>En l&#8217;an 1838, la r\u00e9bellion des Patriotes bat son plein, et le village de Beauharnois est au coeur du conflit arm\u00e9. La col\u00e8re gronde entre les habitants, Canadiens fran\u00e7ais et Canadiens anglais. Les voisins d&#8217;hier sont les ennemis d&#8217;aujourd&#8217;hui. Pourtant, malgr\u00e9 leurs diff\u00e9rences et le climat de m\u00e9fiance qui les entoure, Jacques Pitre et Caroline [&hellip;]<\/p>\n","protected":false},"featured_media":10046,"template":"","meta":{"wds_primary_product_brand":0,"wds_primary_product_cat":0,"wds_primary_maison_dedition":0},"product_brand":[],"product_cat":[543,542],"product_tag":[],"maison_dedition":[541],"class_list":{"0":"post-10048","1":"product","2":"type-product","3":"status-publish","4":"has-post-thumbnail","6":"product_cat-historique","7":"product_cat-roman","8":"pa_auteur-yvon-thibault","9":"maison_dedition-les-editions-coup-doeil","11":"first","12":"instock","13":"taxable","14":"shipping-taxable","15":"purchasable","16":"product-type-variable"},"bundled_by":[],"bundle_stock_status":"instock","bundle_stock_quantity":null,"bundle_virtual":false,"bundle_layout":"","bundle_add_to_cart_form_location":"","bundle_editable_in_cart":false,"bundle_sold_individually_context":"","bundle_item_grouping":"","bundle_min_size":"","bundle_max_size":"","bundle_price":[],"bundled_items":[],"bundle_sell_ids":[],"acf":[],"_links":{"self":[{"href":"https:\/\/goelette.ca\/en\/wp-json\/wp\/v2\/product\/10048","targetHints":{"allow":["GET"]}}],"collection":[{"href":"https:\/\/goelette.ca\/en\/wp-json\/wp\/v2\/product"}],"about":[{"href":"https:\/\/goelette.ca\/en\/wp-json\/wp\/v2\/types\/product"}],"wp:featuredmedia":[{"embeddable":true,"href":"https:\/\/goelette.ca\/en\/wp-json\/wp\/v2\/media\/10046"}],"wp:attachment":[{"href":"https:\/\/goelette.ca\/en\/wp-json\/wp\/v2\/media?parent=10048"}],"wp:term":[{"taxonomy":"product_brand","embeddable":true,"href":"https:\/\/goelette.ca\/en\/wp-json\/wp\/v2\/product_brand?post=10048"},{"taxonomy":"product_cat","embeddable":true,"href":"https:\/\/goelette.ca\/en\/wp-json\/wp\/v2\/product_cat?post=10048"},{"taxonomy":"product_tag","embeddable":true,"href":"https:\/\/goelette.ca\/en\/wp-json\/wp\/v2\/product_tag?post=10048"},{"taxonomy":"maison_dedition","embeddable":true,"href":"https:\/\/goelette.ca\/en\/wp-json\/wp\/v2\/maison_dedition?post=10048"}],"curies":[{"name":"wp","href":"https:\/\/api.w.org\/{rel}","templated":true}]}}