{"id":100371,"date":"2024-03-28T12:07:34","date_gmt":"2024-03-28T16:07:34","guid":{"rendered":"https:\/\/goelette.ca\/?post_type=product&#038;p=100371"},"modified":"2024-09-26T10:57:21","modified_gmt":"2024-09-26T14:57:21","slug":"cuisiner-le-quebec-sauvage","status":"publish","type":"product","link":"https:\/\/goelette.ca\/en\/tous-les-livres\/cuisiner-le-quebec-sauvage\/","title":{"rendered":"Cuisiner le Qu\u00e9bec sauvage"},"content":{"rendered":"<p><em>Cuisinez le Qu\u00e9bec sauvage<\/em> invite la for\u00eat dans votre assiette avec <strong>plus de 50 recettes \u00e0 la fois modernes et rustiques<\/strong>, qui mettent \u00e0 l\u2019honneur notre gastronomie locale.<\/p>\n<p>V\u00e9ritable garde-manger, le territoire qu\u00e9b\u00e9cois regorge d\u2019aliments uniques qui apporteront \u00e0 vos plats des saveurs et des couleurs bien de chez nous. D\u00e9couvrez ou red\u00e9couvrez les joyaux de la nature et apprenez \u00e0 composer des harmonies gourmandes qui raviront vos papilles.<\/p>\n","protected":false},"excerpt":{"rendered":"<p>Cuisinez le Qu\u00e9bec sauvage invite la for\u00eat dans votre assiette avec plus de 50 recettes \u00e0 la fois modernes et rustiques, qui mettent \u00e0 l\u2019honneur notre gastronomie locale. V\u00e9ritable garde-manger, le territoire qu\u00e9b\u00e9cois regorge d\u2019aliments uniques qui apporteront \u00e0 vos plats des saveurs et des couleurs bien de chez nous. D\u00e9couvrez ou red\u00e9couvrez les joyaux [&hellip;]<\/p>\n","protected":false},"featured_media":100376,"template":"","meta":{"wds_primary_product_brand":0,"wds_primary_product_cat":0,"wds_primary_maison_dedition":0},"product_brand":[],"product_cat":[550],"product_tag":[],"maison_dedition":[630],"class_list":{"0":"post-100371","1":"product","2":"type-product","3":"status-publish","4":"has-post-thumbnail","6":"product_cat-livres-de-cuisine","7":"pa_auteur-marilou-lemay","8":"maison_dedition-les-editions-goelette","10":"first","11":"instock","12":"taxable","13":"shipping-taxable","14":"purchasable","15":"product-type-variable"},"bundled_by":[],"bundle_stock_status":"instock","bundle_stock_quantity":null,"bundle_virtual":false,"bundle_layout":"","bundle_add_to_cart_form_location":"","bundle_editable_in_cart":false,"bundle_sold_individually_context":"","bundle_item_grouping":"","bundle_min_size":"","bundle_max_size":"","bundle_price":[],"bundled_items":[],"bundle_sell_ids":[],"acf":[],"_links":{"self":[{"href":"https:\/\/goelette.ca\/en\/wp-json\/wp\/v2\/product\/100371","targetHints":{"allow":["GET"]}}],"collection":[{"href":"https:\/\/goelette.ca\/en\/wp-json\/wp\/v2\/product"}],"about":[{"href":"https:\/\/goelette.ca\/en\/wp-json\/wp\/v2\/types\/product"}],"wp:featuredmedia":[{"embeddable":true,"href":"https:\/\/goelette.ca\/en\/wp-json\/wp\/v2\/media\/100376"}],"wp:attachment":[{"href":"https:\/\/goelette.ca\/en\/wp-json\/wp\/v2\/media?parent=100371"}],"wp:term":[{"taxonomy":"product_brand","embeddable":true,"href":"https:\/\/goelette.ca\/en\/wp-json\/wp\/v2\/product_brand?post=100371"},{"taxonomy":"product_cat","embeddable":true,"href":"https:\/\/goelette.ca\/en\/wp-json\/wp\/v2\/product_cat?post=100371"},{"taxonomy":"product_tag","embeddable":true,"href":"https:\/\/goelette.ca\/en\/wp-json\/wp\/v2\/product_tag?post=100371"},{"taxonomy":"maison_dedition","embeddable":true,"href":"https:\/\/goelette.ca\/en\/wp-json\/wp\/v2\/maison_dedition?post=100371"}],"curies":[{"name":"wp","href":"https:\/\/api.w.org\/{rel}","templated":true}]}}